{"id":258306,"date":"2025-04-16T11:28:46","date_gmt":"2025-04-16T16:28:46","guid":{"rendered":"https:\/\/richardsmotelfamilyoflodgings.com\/politica-de-limpieza\/"},"modified":"2026-01-14T04:36:40","modified_gmt":"2026-01-14T09:36:40","slug":"politica-de-limpieza","status":"publish","type":"page","link":"https:\/\/richardsmotelfamilyoflodgings.com\/es\/politica-de-limpieza\/","title":{"rendered":"Pol\u00edtica de limpieza"},"content":{"rendered":"<p>[et_pb_section fb_built=\u00bb1&#8243; _builder_version=\u00bb4.27.4&#8243; _module_preset=\u00bbdefault\u00bb max_height=\u00bb175px\u00bb box_shadow_style=\u00bbpreset3&#8243; box_shadow_vertical=\u00bb6px\u00bb global_colors_info=\u00bb{}\u00bb background_color=\u00bb#D8C46C\u00bb max_height_tablet=\u00bb175px\u00bb max_height_phone=\u00bb125px\u00bb max_height_last_edited=\u00bbon|phone\u00bb][et_pb_row column_structure=\u00bb1_5,3_5,1_5&#8243; _builder_version=\u00bb4.27.4&#8243; _module_preset=\u00bbdefault\u00bb max_width=\u00bb2560px\u00bb custom_margin=\u00bb-20px||||false|false\u00bb global_colors_info=\u00bb{}\u00bb][et_pb_column type=\u00bb1_5&#8243; _builder_version=\u00bb4.27.4&#8243; _module_preset=\u00bbdefault\u00bb global_colors_info=\u00bb{}\u00bb][\/et_pb_column][et_pb_column type=\u00bb3_5&#8243; _builder_version=\u00bb4.27.4&#8243; _module_preset=\u00bbdefault\u00bb global_colors_info=\u00bb{}\u00bb][et_pb_text _builder_version=\u00bb4.27.4&#8243; _module_preset=\u00bbdefault\u00bb header_text_color=\u00bb#000000&#8243; custom_margin=\u00bb-10px||-30px||false|false\u00bb header_font_tablet=\u00bb\u00bb header_font_phone=\u00bb|700|||||||\u00bb header_font_last_edited=\u00bbon|phone\u00bb header_font_size_tablet=\u00bb\u00bb header_font_size_phone=\u00bb18px\u00bb header_font_size_last_edited=\u00bbon|phone\u00bb header_text_shadow_style=\u00bbpreset1&#8243; header_text_shadow_vertical_length=\u00bb0.08em\u00bb header_text_shadow_color=\u00bb#FFFFFF\u00bb global_colors_info=\u00bb{}\u00bb]<\/p>\n<h1 class=\"entry-title\" style=\"text-align: center;\">Pol\u00edtica de limpieza<\/h1>\n<p>[\/et_pb_text][\/et_pb_column][et_pb_column type=\u00bb1_5&#8243; _builder_version=\u00bb4.27.4&#8243; _module_preset=\u00bbdefault\u00bb global_colors_info=\u00bb{}\u00bb][\/et_pb_column][\/et_pb_row][\/et_pb_section][et_pb_section fb_built=\u00bb1&#8243; _builder_version=\u00bb4.27.4&#8243; _module_preset=\u00bbdefault\u00bb background_color=\u00bbRGBA(255,255,255,0)\u00bb use_background_color_gradient=\u00bbon\u00bb background_color_gradient_direction=\u00bb90deg\u00bb background_color_gradient_stops=\u00bbrgba(0,0,0,0.03) 0%|rgba(41,196,169,0) 100%\u00bb width_tablet=\u00bb\u00bb width_phone=\u00bb\u00bb width_last_edited=\u00bbon|phone\u00bb custom_margin=\u00bb-30px||||false|false\u00bb custom_margin_tablet=\u00bb-30px||||false|false\u00bb custom_margin_phone=\u00bb-60px||||false|false\u00bb custom_margin_last_edited=\u00bbon|phone\u00bb global_colors_info=\u00bb{}\u00bb][et_pb_row column_structure=\u00bb3_5,2_5&#8243; use_custom_gutter=\u00bbon\u00bb gutter_width=\u00bb2&#8243; _builder_version=\u00bb4.27.5&#8243; _module_preset=\u00bbdefault\u00bb background_color=\u00bb#FFFFFF\u00bb width=\u00bb70%\u00bb width_tablet=\u00bb50%\u00bb width_phone=\u00bb84%\u00bb width_last_edited=\u00bbon|phone\u00bb max_width=\u00bbnone\u00bb custom_margin=\u00bb70px||||false|false\u00bb custom_margin_tablet=\u00bb||||false|false\u00bb custom_margin_phone=\u00bb\u00bb custom_margin_last_edited=\u00bbon|phone\u00bb custom_padding=\u00bb70px|50px|0px|50px|false|false\u00bb global_colors_info=\u00bb{}\u00bb][et_pb_column type=\u00bb3_5&#8243; _builder_version=\u00bb4.27.5&#8243; _module_preset=\u00bbdefault\u00bb global_colors_info=\u00bb{}\u00bb][\/et_pb_column][et_pb_column type=\u00bb2_5&#8243; _builder_version=\u00bb4.27.4&#8243; _module_preset=\u00bbdefault\u00bb global_colors_info=\u00bb{}\u00bb][\/et_pb_column][\/et_pb_row][et_pb_row custom_padding_last_edited=\u00bbon|desktop\u00bb _builder_version=\u00bb4.27.5&#8243; _module_preset=\u00bbdefault\u00bb background_color=\u00bbRGBA(255,255,255,0)\u00bb use_background_color_gradient=\u00bbon\u00bb background_color_gradient_direction=\u00bb240deg\u00bb background_color_gradient_stops=\u00bb#ffffff 0%|rgba(41,196,169,0) 70%\u00bb width=\u00bb70%\u00bb width_tablet=\u00bb70%\u00bb width_phone=\u00bb84%\u00bb width_last_edited=\u00bbon|phone\u00bb max_width=\u00bbnone\u00bb custom_padding=\u00bb39px|40px||40px|false|true\u00bb custom_padding_tablet=\u00bb39px|40px||40px|false|true\u00bb custom_padding_phone=\u00bb|20px||20px|false|true\u00bb border_color_right=\u00bb#D8C46C\u00bb border_width_left=\u00bb5px\u00bb border_color_left=\u00bb#FFFFFF\u00bb global_colors_info=\u00bb{}\u00bb][et_pb_column type=\u00bb4_4&#8243; _builder_version=\u00bb4.27.4&#8243; _module_preset=\u00bbdefault\u00bb global_colors_info=\u00bb{}\u00bb][et_pb_text content_tablet=\u00bb<\/p>\n<h2 style=%22text-align: center;%22><strong>CLEAN-UP POLICY<\/strong><\/h2>\n<h4><span style=%22text-decoration: underline;%22><strong>You pay the daily rate:<\/strong><\/span><\/h4>\n<p><span>You get a daily cleaning service.<\/span><\/p>\n<h4><span style=%22text-decoration: underline;%22><strong>You pay the weekly rate:<\/strong><\/span><\/h4>\n<p>You get a weekly cleaning service  <strong><u>(once a week).<\/u><\/strong><\/p>\n<p>A large clean cleaning\/service is provided<span> <\/span><strong><u>only once a week,<\/u><\/strong>with sheets changed. Towels, small hand soaps, toilet paper will be replaced on request only (9am to 4pm). A daily inspection of each room can be carried out daily and the air conditioning must and will be closed when no one is inside the room.<\/p>\n<p>If necessary, small brooms, moppe (Serpil) and product<strong>s<\/strong><span> <\/span>clean will be provided to you on request.<\/p>\n<p>_______________________<br \/>Valid in our accommodations in the state of Florida.<\/p>\n<p>\u00bb content_phone=\u00bb<\/p>\n<h2 style=%22text-align: center;%22><strong>CLEAN-UP POLICY<\/strong><\/h2>\n<p>\u00a0<\/p>\n<h4><span style=%22text-decoration: underline;%22><strong>You pay the daily rate:<\/strong><\/span><\/h4>\n<p><span>You get a daily cleaning service.<\/span><\/p>\n<p>\u00a0<\/p>\n<h4><span style=%22text-decoration: underline;%22><strong>You pay the weekly rate:<\/strong><\/span><\/h4>\n<p>You get a weekly cleaning service  <strong><u>(once a week).<\/u><\/strong><\/p>\n<p>A large clean cleaning\/service is provided<span> <\/span><strong><u>only once a week,<\/u><\/strong>with sheets changed. Towels, small hand soaps, toilet paper will be replaced on request only (9am to 4pm). A daily inspection of each room can be carried out daily and the air conditioning must and will be closed when no one is inside the room.<\/p>\n<p>If necessary, small brooms, moppe (Serpil) and product<strong>s<\/strong><span> <\/span>clean will be provided to you on request.<\/p>\n<p>_______________________<br \/>Valid in our accommodations in the state of Florida.<\/p>\n<p>\u00a0<\/p>\n<p>\u00bb content_last_edited=\u00bbon|phone\u00bb _builder_version=\u00bb4.27.5&#8243; _module_preset=\u00bbdefault\u00bb header_2_text_color=\u00bb#141414&#8243; header_4_text_color=\u00bb#141414&#8243; global_colors_info=\u00bb{}\u00bb]<\/p>\n<h1 class=\"entry-title\" style=\"text-align: center;\">Pol\u00edtica de limpieza<\/h1>\n<p><\/p>\n<p>&nbsp;<\/p>\n<p><\/p>\n<p>&nbsp;<\/p>\n<p><\/p>\n<h4><span style=\"text-decoration: underline;\"><strong>Paga la tarifa diaria:<\/strong><\/span><\/h4>\n<p><\/p>\n<p>Recibe un servicio de limpieza diario.<\/p>\n<p><\/p>\n<p>&nbsp;<\/p>\n<p><\/p>\n<h4><span style=\"text-decoration: underline;\"><strong>Paga la tarifa semanal:<\/strong><\/span><\/h4>\n<p><\/p>\n<p>Recibe un servicio de limpieza semanal (una vez por semana).<\/p>\n<p><\/p>\n<p>Se proporciona un servicio de limpieza a gran escala solo una vez por semana, con cambio de s\u00e1banas. Las toallas, los jabones de manos peque\u00f1os y el papel higi\u00e9nico se repondr\u00e1n solo si se solicitan (de 9:00 a 16:00). Se realizar\u00e1 una inspecci\u00f3n diaria de cada habitaci\u00f3n y el aire acondicionado deber\u00e1 apagarse cuando no haya nadie dentro.<\/p>\n<p><\/p>\n<p>Si es necesario, se le proporcionar\u00e1n escobas peque\u00f1as, trapeadores (Serpil) y productos de limpieza si los solicita.<\/p>\n<p><\/p>\n<p>_______________________<br \/>V\u00e1lido en nuestros alojamientos en el estado de Florida.<\/p>\n<p><\/p>\n<p>&nbsp;<\/p>\n<p>[\/et_pb_text][\/et_pb_column][\/et_pb_row][\/et_pb_section]<\/p>\n","protected":false},"excerpt":{"rendered":"<p>Pol\u00edtica de limpiezaPol\u00edtica de limpieza&nbsp;&nbsp;Paga la tarifa diaria:Recibe un servicio de limpieza diario.&nbsp;Paga la tarifa semanal:Recibe un servicio de limpieza semanal (una vez por semana).Se proporciona un servicio de limpieza a gran escala solo una vez por semana, con cambio de s\u00e1banas. Las toallas, los jabones de manos peque\u00f1os y el papel higi\u00e9nico se repondr\u00e1n [&hellip;]<\/p>\n","protected":false},"author":1,"featured_media":0,"parent":0,"menu_order":0,"comment_status":"closed","ping_status":"closed","template":"","meta":{"_et_pb_use_builder":"on","_et_pb_old_content":"","_et_gb_content_width":"","_monsterinsights_skip_tracking":false,"_monsterinsights_sitenote_active":false,"_monsterinsights_sitenote_note":"","_monsterinsights_sitenote_category":0,"footnotes":""},"class_list":["post-258306","page","type-page","status-publish","hentry"],"aioseo_notices":[],"_links":{"self":[{"href":"https:\/\/richardsmotelfamilyoflodgings.com\/es\/wp-json\/wp\/v2\/pages\/258306","targetHints":{"allow":["GET"]}}],"collection":[{"href":"https:\/\/richardsmotelfamilyoflodgings.com\/es\/wp-json\/wp\/v2\/pages"}],"about":[{"href":"https:\/\/richardsmotelfamilyoflodgings.com\/es\/wp-json\/wp\/v2\/types\/page"}],"author":[{"embeddable":true,"href":"https:\/\/richardsmotelfamilyoflodgings.com\/es\/wp-json\/wp\/v2\/users\/1"}],"replies":[{"embeddable":true,"href":"https:\/\/richardsmotelfamilyoflodgings.com\/es\/wp-json\/wp\/v2\/comments?post=258306"}],"version-history":[{"count":0,"href":"https:\/\/richardsmotelfamilyoflodgings.com\/es\/wp-json\/wp\/v2\/pages\/258306\/revisions"}],"wp:attachment":[{"href":"https:\/\/richardsmotelfamilyoflodgings.com\/es\/wp-json\/wp\/v2\/media?parent=258306"}],"curies":[{"name":"wp","href":"https:\/\/api.w.org\/{rel}","templated":true}]}}