{"id":258290,"date":"2025-04-16T11:28:46","date_gmt":"2025-04-16T16:28:46","guid":{"rendered":"https:\/\/richardsmotelfamilyoflodgings.com\/politique-de-nettoyage\/"},"modified":"2026-01-14T04:29:04","modified_gmt":"2026-01-14T09:29:04","slug":"politique-de-nettoyage","status":"publish","type":"page","link":"https:\/\/richardsmotelfamilyoflodgings.com\/fr\/politique-de-nettoyage\/","title":{"rendered":"Politique de nettoyage"},"content":{"rendered":"<p>[et_pb_section fb_built=\u00a0\u00bb1&Prime; _builder_version=\u00a0\u00bb4.27.4&Prime; _module_preset=\u00a0\u00bbdefault\u00a0\u00bb max_height=\u00a0\u00bb175px\u00a0\u00bb box_shadow_style=\u00a0\u00bbpreset3&Prime; box_shadow_vertical=\u00a0\u00bb6px\u00a0\u00bb global_colors_info=\u00a0\u00bb{}\u00a0\u00bb background_color=\u00a0\u00bb#D8C46C\u00a0\u00bb max_height_tablet=\u00a0\u00bb175px\u00a0\u00bb max_height_phone=\u00a0\u00bb125px\u00a0\u00bb max_height_last_edited=\u00a0\u00bbon|phone\u00a0\u00bb][et_pb_row column_structure=\u00a0\u00bb1_5,3_5,1_5&Prime; _builder_version=\u00a0\u00bb4.27.4&Prime; _module_preset=\u00a0\u00bbdefault\u00a0\u00bb max_width=\u00a0\u00bb2560px\u00a0\u00bb custom_margin=\u00a0\u00bb-20px||||false|false\u00a0\u00bb global_colors_info=\u00a0\u00bb{}\u00a0\u00bb][et_pb_column type=\u00a0\u00bb1_5&Prime; _builder_version=\u00a0\u00bb4.27.4&Prime; _module_preset=\u00a0\u00bbdefault\u00a0\u00bb global_colors_info=\u00a0\u00bb{}\u00a0\u00bb][\/et_pb_column][et_pb_column type=\u00a0\u00bb3_5&Prime; _builder_version=\u00a0\u00bb4.27.4&Prime; _module_preset=\u00a0\u00bbdefault\u00a0\u00bb global_colors_info=\u00a0\u00bb{}\u00a0\u00bb][et_pb_text _builder_version=\u00a0\u00bb4.27.4&Prime; _module_preset=\u00a0\u00bbdefault\u00a0\u00bb header_text_color=\u00a0\u00bb#000000&Prime; custom_margin=\u00a0\u00bb-10px||-30px||false|false\u00a0\u00bb header_font_tablet=\u00a0\u00bb\u00a0\u00bb header_font_phone=\u00a0\u00bb|700|||||||\u00a0\u00bb header_font_last_edited=\u00a0\u00bbon|phone\u00a0\u00bb header_font_size_tablet=\u00a0\u00bb\u00a0\u00bb header_font_size_phone=\u00a0\u00bb18px\u00a0\u00bb header_font_size_last_edited=\u00a0\u00bbon|phone\u00a0\u00bb header_text_shadow_style=\u00a0\u00bbpreset1&Prime; header_text_shadow_vertical_length=\u00a0\u00bb0.08em\u00a0\u00bb header_text_shadow_color=\u00a0\u00bb#FFFFFF\u00a0\u00bb global_colors_info=\u00a0\u00bb{}\u00a0\u00bb]<\/p>\n<h1 class=\"entry-title\" style=\"text-align: center;\"><span>Politique de nettoyage<\/span><\/h1>\n<p>[\/et_pb_text][\/et_pb_column][et_pb_column type=\u00a0\u00bb1_5&Prime; _builder_version=\u00a0\u00bb4.27.4&Prime; _module_preset=\u00a0\u00bbdefault\u00a0\u00bb global_colors_info=\u00a0\u00bb{}\u00a0\u00bb][\/et_pb_column][\/et_pb_row][\/et_pb_section][et_pb_section fb_built=\u00a0\u00bb1&Prime; _builder_version=\u00a0\u00bb4.27.4&Prime; _module_preset=\u00a0\u00bbdefault\u00a0\u00bb background_color=\u00a0\u00bbRGBA(255,255,255,0)\u00a0\u00bb use_background_color_gradient=\u00a0\u00bbon\u00a0\u00bb background_color_gradient_direction=\u00a0\u00bb90deg\u00a0\u00bb background_color_gradient_stops=\u00a0\u00bbrgba(0,0,0,0.03) 0%|rgba(41,196,169,0) 100%\u00a0\u00bb width_tablet=\u00a0\u00bb\u00a0\u00bb width_phone=\u00a0\u00bb\u00a0\u00bb width_last_edited=\u00a0\u00bbon|phone\u00a0\u00bb custom_margin=\u00a0\u00bb-30px||||false|false\u00a0\u00bb custom_margin_tablet=\u00a0\u00bb-30px||||false|false\u00a0\u00bb custom_margin_phone=\u00a0\u00bb-60px||||false|false\u00a0\u00bb custom_margin_last_edited=\u00a0\u00bbon|phone\u00a0\u00bb global_colors_info=\u00a0\u00bb{}\u00a0\u00bb][et_pb_row column_structure=\u00a0\u00bb3_5,2_5&Prime; use_custom_gutter=\u00a0\u00bbon\u00a0\u00bb gutter_width=\u00a0\u00bb2&Prime; _builder_version=\u00a0\u00bb4.27.5&Prime; _module_preset=\u00a0\u00bbdefault\u00a0\u00bb background_color=\u00a0\u00bb#FFFFFF\u00a0\u00bb width=\u00a0\u00bb70%\u00a0\u00bb width_tablet=\u00a0\u00bb50%\u00a0\u00bb width_phone=\u00a0\u00bb84%\u00a0\u00bb width_last_edited=\u00a0\u00bbon|phone\u00a0\u00bb max_width=\u00a0\u00bbnone\u00a0\u00bb custom_margin=\u00a0\u00bb70px||||false|false\u00a0\u00bb custom_margin_tablet=\u00a0\u00bb||||false|false\u00a0\u00bb custom_margin_phone=\u00a0\u00bb\u00a0\u00bb custom_margin_last_edited=\u00a0\u00bbon|phone\u00a0\u00bb custom_padding=\u00a0\u00bb70px|50px|0px|50px|false|false\u00a0\u00bb global_colors_info=\u00a0\u00bb{}\u00a0\u00bb][et_pb_column type=\u00a0\u00bb3_5&Prime; _builder_version=\u00a0\u00bb4.27.5&Prime; _module_preset=\u00a0\u00bbdefault\u00a0\u00bb global_colors_info=\u00a0\u00bb{}\u00a0\u00bb][\/et_pb_column][et_pb_column type=\u00a0\u00bb2_5&Prime; _builder_version=\u00a0\u00bb4.27.4&Prime; _module_preset=\u00a0\u00bbdefault\u00a0\u00bb global_colors_info=\u00a0\u00bb{}\u00a0\u00bb][\/et_pb_column][\/et_pb_row][et_pb_row custom_padding_last_edited=\u00a0\u00bbon|desktop\u00a0\u00bb _builder_version=\u00a0\u00bb4.27.5&Prime; _module_preset=\u00a0\u00bbdefault\u00a0\u00bb background_color=\u00a0\u00bbRGBA(255,255,255,0)\u00a0\u00bb use_background_color_gradient=\u00a0\u00bbon\u00a0\u00bb background_color_gradient_direction=\u00a0\u00bb240deg\u00a0\u00bb background_color_gradient_stops=\u00a0\u00bb#ffffff 0%|rgba(41,196,169,0) 70%\u00a0\u00bb width=\u00a0\u00bb70%\u00a0\u00bb width_tablet=\u00a0\u00bb70%\u00a0\u00bb width_phone=\u00a0\u00bb84%\u00a0\u00bb width_last_edited=\u00a0\u00bbon|phone\u00a0\u00bb max_width=\u00a0\u00bbnone\u00a0\u00bb custom_padding=\u00a0\u00bb39px|40px||40px|false|true\u00a0\u00bb custom_padding_tablet=\u00a0\u00bb39px|40px||40px|false|true\u00a0\u00bb custom_padding_phone=\u00a0\u00bb|20px||20px|false|true\u00a0\u00bb border_color_right=\u00a0\u00bb#D8C46C\u00a0\u00bb border_width_left=\u00a0\u00bb5px\u00a0\u00bb border_color_left=\u00a0\u00bb#FFFFFF\u00a0\u00bb global_colors_info=\u00a0\u00bb{}\u00a0\u00bb][et_pb_column type=\u00a0\u00bb4_4&Prime; _builder_version=\u00a0\u00bb4.27.4&Prime; _module_preset=\u00a0\u00bbdefault\u00a0\u00bb global_colors_info=\u00a0\u00bb{}\u00a0\u00bb][et_pb_text content_tablet=\u00a0\u00bb<\/p>\n<h3 style=%22text-align: center;%22><strong>POLITIQUE DE NETTOYAGE<\/strong><\/h3>\n<p><strong><\/strong><\/p>\n<h4><span style=%22text-decoration: underline;%22><strong>Tarif journalier :<\/strong><\/span><\/h4>\n<p><span>Service de m\u00e9nage quotidien inclus.<\/span><\/p>\n<h4><span style=%22text-decoration: underline;%22><strong>Tarif hebdomadaire inclus :<\/strong><\/span><\/h4>\n<p>Service de m\u00e9nage hebdomadaire inclus (une fois par semaine).<\/p>\n<p>Un grand m\u00e9nage est effectu\u00e9 une fois par semaine, avec changement des draps. Les serviettes, le savon pour les mains et le papier toilette sont remplac\u00e9s sur demande (de 9h \u00e0 16h). Chaque chambre fait l&rsquo;objet d&rsquo;une inspection quotidienne et la climatisation est syst\u00e9matiquement coup\u00e9e en l&rsquo;absence d&rsquo;occupants.<\/p>\n<p>If necessary, small brooms, moppe (Serpil) and product<strong>s<\/strong><span> <\/span>clean will be provided to you on request.<\/p>\n<p>_______________________<br \/>Valid in our accommodations in the state of Florida.<\/p>\n<p>\u00a0\u00bb content_phone=\u00a0\u00bb<\/p>\n<h3 style=%22text-align: center;%22><strong>POLITIQUE DE NETTOYAGE<\/strong><\/h3>\n<p><strong><\/strong><\/p>\n<h3><span style=%22text-decoration: underline;%22><strong>Tarif journalier :<\/strong><\/span><\/h3>\n<p><span>Service de m\u00e9nage quotidien inclus.<\/span><\/p>\n<h4><span style=%22text-decoration: underline;%22><strong>Tarif hebdomadaire inclus :<\/strong><\/span><\/h4>\n<p>Service de m\u00e9nage hebdomadaire inclus (une fois par semaine).<\/p>\n<p>Un grand m\u00e9nage est effectu\u00e9 une fois par semaine, avec changement des draps. Les serviettes, le savon pour les mains et le papier toilette sont remplac\u00e9s sur demande (de 9h \u00e0 16h). Chaque chambre fait l&rsquo;objet d&rsquo;une inspection quotidienne et la climatisation est syst\u00e9matiquement coup\u00e9e en l&rsquo;absence d&rsquo;occupants.<\/p>\n<p>\u00a0\u00bb content_last_edited=\u00a0\u00bbon|phone\u00a0\u00bb _builder_version=\u00a0\u00bb4.27.5&Prime; _module_preset=\u00a0\u00bbdefault\u00a0\u00bb header_2_text_color=\u00a0\u00bb#141414&Prime; header_4_text_color=\u00a0\u00bb#141414&Prime; global_colors_info=\u00a0\u00bb{}\u00a0\u00bb]<\/p>\n<h2 style=\"text-align: center;\"><strong>POLITIQUE DE NETTOYAGE<\/strong><\/h2>\n<p>&nbsp;<\/p>\n<p>&nbsp;<\/p>\n<h4><span style=\"text-decoration: underline;\"><strong>Vous payez le tarif journalier\u00a0:<\/strong><\/span><\/h4>\n<p><span>Vous b\u00e9n\u00e9ficiez d&rsquo;un service de nettoyage quotidien.<\/span><\/p>\n<p>&nbsp;<\/p>\n<h4><span style=\"text-decoration: underline;\"><strong>Vous payez le tarif hebdomadaire\u00a0:<\/strong><\/span><\/h4>\n<p>Vous b\u00e9n\u00e9ficiez d&rsquo;un service de nettoyage hebdomadaire (une fois par semaine).<\/u><\/strong><\/p>\n<p>Un grand nettoyage est effectu\u00e9 une fois par semaine, avec changement des draps.<\/span><\/span><strong><u> Les serviettes, les petits savons pour les mains et le papier toilette seront remplac\u00e9s sur demande uniquement (de 9h \u00e0 16h). Une inspection quotidienne de chaque chambre peut \u00eatre effectu\u00e9e et la climatisation sera automatiquement coup\u00e9e en l&rsquo;absence de toute personne dans la chambre.<\/p>\n<p>Si n\u00e9cessaire, des petits balais, une serpilli\u00e8re (Serpil) et des produits de nettoyage vous seront fournis sur demande.<\/p>\n<p>_______________________<br \/>Valable dans nos h\u00e9bergements situ\u00e9s en Floride.<\/p>\n<p>&nbsp;<\/p>\n<p>[\/et_pb_text][\/et_pb_column][\/et_pb_row][\/et_pb_section]<\/p>\n","protected":false},"excerpt":{"rendered":"<p>Politique de nettoyagePOLITIQUE DE NETTOYAGE&nbsp;&nbsp;Vous payez le tarif journalier\u00a0:Vous b\u00e9n\u00e9ficiez d&rsquo;un service de nettoyage quotidien.&nbsp;Vous payez le tarif hebdomadaire\u00a0:Vous b\u00e9n\u00e9ficiez d&rsquo;un service de nettoyage hebdomadaire (une fois par semaine).Un grand nettoyage est effectu\u00e9 une fois par semaine, avec changement des draps. Les serviettes, les petits savons pour les mains et le papier toilette seront remplac\u00e9s [&hellip;]<\/p>\n","protected":false},"author":1,"featured_media":0,"parent":0,"menu_order":0,"comment_status":"closed","ping_status":"closed","template":"","meta":{"_et_pb_use_builder":"on","_et_pb_old_content":"","_et_gb_content_width":"","_monsterinsights_skip_tracking":false,"_monsterinsights_sitenote_active":false,"_monsterinsights_sitenote_note":"","_monsterinsights_sitenote_category":0,"footnotes":""},"class_list":["post-258290","page","type-page","status-publish","hentry"],"aioseo_notices":[],"_links":{"self":[{"href":"https:\/\/richardsmotelfamilyoflodgings.com\/fr\/wp-json\/wp\/v2\/pages\/258290","targetHints":{"allow":["GET"]}}],"collection":[{"href":"https:\/\/richardsmotelfamilyoflodgings.com\/fr\/wp-json\/wp\/v2\/pages"}],"about":[{"href":"https:\/\/richardsmotelfamilyoflodgings.com\/fr\/wp-json\/wp\/v2\/types\/page"}],"author":[{"embeddable":true,"href":"https:\/\/richardsmotelfamilyoflodgings.com\/fr\/wp-json\/wp\/v2\/users\/1"}],"replies":[{"embeddable":true,"href":"https:\/\/richardsmotelfamilyoflodgings.com\/fr\/wp-json\/wp\/v2\/comments?post=258290"}],"version-history":[{"count":0,"href":"https:\/\/richardsmotelfamilyoflodgings.com\/fr\/wp-json\/wp\/v2\/pages\/258290\/revisions"}],"wp:attachment":[{"href":"https:\/\/richardsmotelfamilyoflodgings.com\/fr\/wp-json\/wp\/v2\/media?parent=258290"}],"curies":[{"name":"wp","href":"https:\/\/api.w.org\/{rel}","templated":true}]}}