{"id":1529,"date":"2023-11-26T17:55:25","date_gmt":"2023-11-26T17:55:25","guid":{"rendered":"http:\/\/new.richardsmotelfamilyoflodgings.com\/divi\/acerca-de-richards-motel\/"},"modified":"2024-02-18T08:45:07","modified_gmt":"2024-02-18T08:45:07","slug":"acerca-de-richards-motel","status":"publish","type":"page","link":"https:\/\/richardsmotelfamilyoflodgings.com\/mainlocation\/es\/acerca-de-richards-motel\/","title":{"rendered":"Qui\u00e9nes somos &#8211; Descuentos &#8211; Pol\u00edticas"},"content":{"rendered":"<p>[et_pb_section fb_built=\u00bb1&#8243; _builder_version=\u00bb4.23.1&#8243; _module_preset=\u00bbdefault\u00bb global_colors_info=\u00bb{}\u00bb][et_pb_row _builder_version=\u00bb4.24.0&#8243; _module_preset=\u00bbdefault\u00bb custom_margin=\u00bb40px||||false|false\u00bb global_colors_info=\u00bb{}\u00bb][et_pb_column type=\u00bb4_4&#8243; _builder_version=\u00bb4.23.1&#8243; _module_preset=\u00bbdefault\u00bb global_colors_info=\u00bb{}\u00bb][et_pb_text _builder_version=\u00bb4.24.0&#8243; _module_preset=\u00bbdefault\u00bb header_3_font=\u00bbABeeZee||||||||\u00bb header_3_text_color=\u00bb#7fbf00&#8243; global_colors_info=\u00bb{}\u00bb]<\/p>\n<h3 style=\"text-align: justify;\">Acerca de Richard&#8217;s Motel<\/h3>\n<p>&nbsp;<\/p>\n<p style=\"text-align: justify;\">\n<p style=\"text-align: justify;\"><em><strong>La aventura del Motel Richard&#8217;s comenz\u00f3 el 10 de mayo de 1990.<\/strong><\/em><\/p>\n<p style=\"text-align: justify;\"><em><strong><\/strong><\/em><\/p>\n<p style=\"text-align: justify;\">Desde hace m\u00e1s de 30 a\u00f1os, nunca hemos dejado de mejorar nuestros alojamientos de acuerdo con nuestro modelo de negocio (econ\u00f3mico).<\/p>\n<p style=\"text-align: justify;\">\n<p style=\"text-align: justify;\">En funci\u00f3n de su presupuesto, puede optar por una unidad individual o familiar, con o sin dormitorio(s) independiente(s) del sal\u00f3n. Estudio, estudio grande, habitaci\u00f3n est\u00e1ndar de hotel\/motel, 3 1\/2, 4 1\/2, casa. Todo ello en un entorno econ\u00f3mico y a poca distancia de casi todos los servicios.<\/p>\n<p style=\"text-align: justify;\">\n<p style=\"text-align: justify;\">Limpieza, amabilidad, ambiente familiar, servicios\/paisajes tropicales, piscinas (algunas climatizadas), lavadoras\/secadoras, zonas comunes, wifi, son algunos de los servicios de los que disponemos y que compartimos con nuestros clientes y amigos. Barbacoa (compartida) en las terrazas, televisi\u00f3n por cable con algunos canales franceses* en las habitaciones se suman a los elementos que distinguen al Richard&#8217;s Motel. Oasis de relajaci\u00f3n bajo las palmeras, o en forma de cenador\/ columpio en un lugar siempre sin pretensiones para todos&#8230;<\/p>\n<p style=\"text-align: justify;\">\n<p style=\"text-align: justify;\">Geogr\u00e1ficamente bien situado en el coraz\u00f3n del sureste de Florida, cerca de famosos casinos, playas, puertos de cruceros, aeropuertos, restaurantes, cafeter\u00edas, cines, discotecas y centros comerciales. Nuestras unidades est\u00e1n a su disposici\u00f3n para ofrecerle lo mejor posible una estancia memorable que refleje el clima que caracteriza a nuestra regi\u00f3n. Perm\u00edtanos el privilegio de hacerle saborear nuestra hospitalidad y el confort de nuestras numerosas unidades de alojamiento.<\/p>\n<p style=\"text-align: justify;\">\n<p style=\"text-align: justify;\">*Televisi\u00f3n francesa: consulte la secci\u00f3n siguiente relativa al servicio de televisi\u00f3n francesa. Esencialmente, debemos recordar que ya no hay servicio de antena. El servicio disponible puede interrumpirse en cualquier momento porque est\u00e1 directamente vinculado al wifi. Requiere un reinicio (a menudo manual) que no es instant\u00e1neo. Gracias por su comprensi\u00f3n.<\/p>\n<p>[\/et_pb_text][\/et_pb_column][\/et_pb_row][et_pb_row _builder_version=\u00bb4.24.0&#8243; _module_preset=\u00bbdefault\u00bb custom_margin=\u00bb40px||||false|false\u00bb global_colors_info=\u00bb{}\u00bb][et_pb_column type=\u00bb4_4&#8243; _builder_version=\u00bb4.23.1&#8243; _module_preset=\u00bbdefault\u00bb global_colors_info=\u00bb{}\u00bb][et_pb_text _builder_version=\u00bb4.24.0&#8243; _module_preset=\u00bbdefault\u00bb header_3_font=\u00bbABeeZee||||||||\u00bb header_3_text_color=\u00bb#7fbf00&#8243; global_colors_info=\u00bb{}\u00bb]<\/p>\n<h3>Descuentos<\/h3>\n<p>&nbsp;<\/p>\n<ul>\n<li><strong>Descuento de \u00faltima hora<\/strong><\/li>\n<\/ul>\n<p>Disponible para los que se presenten sin reserva (que no es el escenario ideal en t\u00e9rminos de elecci\u00f3n)<\/p>\n<p>No se arriesgue a ver un \u00abNO HAY VACANTE\u00bb ese d\u00eda.<\/p>\n<ul>\n<li><strong>Descuento por larga estancia&#8230;<\/strong><\/li>\n<\/ul>\n<p>Si est\u00e1 planeando una larga estancia con nosotros, p\u00f3ngase en contacto con nuestro departamento de reservas para obtener una tarifa especial. Siempre un 15% de descuento para una estancia de invierno si se reserva ANTES del 31 de octubre anterior.<\/p>\n<ul>\n<li><strong>Quitanieves gratis.. <\/strong><\/li>\n<\/ul>\n<p>Cuando se aloja con nosotros, su coche nunca se encuentra enterrado en la nieve.<\/p>\n<p>&nbsp;<\/p>\n<p><em>*Todos los descuentos no son acumulables. Llame para obtener m\u00e1s informaci\u00f3n. Descuento aplicable en Richard&#8217;s Motel, Richard&#8217;s Motel Studios, Richard&#8217;s Motel Extended Stay Richard&#8217;s Motel Courtyard y Richard&#8217;s Motel Pet Friendly.<\/em><\/p>\n<p>[\/et_pb_text][\/et_pb_column][\/et_pb_row][et_pb_row _builder_version=\u00bb4.24.0&#8243; _module_preset=\u00bbdefault\u00bb custom_margin=\u00bb40px||||false|false\u00bb global_colors_info=\u00bb{}\u00bb][et_pb_column type=\u00bb4_4&#8243; _builder_version=\u00bb4.23.1&#8243; _module_preset=\u00bbdefault\u00bb global_colors_info=\u00bb{}\u00bb][et_pb_text _builder_version=\u00bb4.24.1&#8243; _module_preset=\u00bbdefault\u00bb header_3_font=\u00bbABeeZee||||||||\u00bb header_3_text_color=\u00bb#7fbf00&#8243; hover_enabled=\u00bb0&#8243; global_colors_info=\u00bb{}\u00bb sticky_enabled=\u00bb0&#8243;]<\/p>\n<h3 style=\"text-align: justify;\"><\/h3>\n<h3 style=\"text-align: justify;\">Seguridad y protecci\u00f3n<\/h3>\n<p>&nbsp;<\/p>\n<p> Para su seguridad, nuestra propiedad ofrece las siguientes caracter\u00edsticas:<\/p>\n<p style=\"text-align: justify;\">Doble cerradura<br \/>C\u00e1maras de vigilancia<br \/>Gerente de guardia las 24 horas<br \/>Por su seguridad personal, lea lo siguiente<br \/>No admita a una persona desconocida (sin consentimiento)<br \/>Guarda bien tus llaves<br \/>No deje a los ni\u00f1os sin supervisi\u00f3n en la habitaci\u00f3n<br \/>No deje las ventanas abiertas durante la noche<br \/>No correr dentro de las instalaciones del establecimiento, especialmente en la piscina<\/p>\n<p style=\"text-align: justify;\">\n<p style=\"text-align: justify;\"><strong>Informaci\u00f3n general de seguridad:<\/strong><\/p>\n<p>No hay socorrista en la piscina (v\u00e9ase el reglamento de la piscina).<\/p>\n<p style=\"text-align: justify;\">Mientras disfrutas de tu estancia en Richard&#8217;s, de nuestros servicios, de la playa, queremos que te sientas \u00abcomo en casa\u00bb. A pesar de la atenci\u00f3n que nuestro personal presta a nuestros clientes y amigos para garantizar su seguridad, la arteria principal (carretera) llamada US-1 (o South Federal Highway) que se encuentra enfrente, ve pasar aproximadamente 50.000 veh\u00edculos cada d\u00eda. Esta es una de las carreteras m\u00e1s transitadas, cruza todo el estado de Florida. Debemos ser conscientes de lo que nos rodea, de d\u00eda y de noche. En particular, debe cerrar la puerta de su habitaci\u00f3n con llave en todo momento, asegurarse de que todos los objetos de valor est\u00e1n escondidos y, a ser posible, no llevarlos consigo a la piscina ni a los patios. Cierra las ventanas con llave, utilizando la cerradura superior cuando salgas de la habitaci\u00f3n durante un periodo de tiempo algo m\u00e1s largo. No abra la puerta de su unidad a nadie, puede hablar con el interlocutor sin abrir (valide la credibilidad). En el peor de los casos, ignora a la persona.<\/p>\n<p style=\"text-align: justify;\"><strong>Cajas fuertes en las habitaciones:<\/strong> Para garantizar la seguridad de nuestros hu\u00e9spedes y sus objetos de valor, hemos instalado cajas fuertes en la mayor\u00eda de las habitaciones (no en todas).<\/p>\n<p style=\"text-align: justify;\"><strong>En cuanto al aparcamiento,<\/strong> hemos instalado iluminaci\u00f3n adecuada y un sistema de videovigilancia. No obstante, para evitar problemas, cierre siempre las puertas del coche y no deje objetos de valor en el coche a la vista de todos (en su veh\u00edculo). Nota: Los bomberos y la polic\u00eda est\u00e1n a menos de un kil\u00f3metro de nuestras propiedades. Los servicios llegan muy r\u00e1pido, no se preocupe.<\/p>\n<p style=\"text-align: justify;\">Hacemos todo lo posible para garantizar la seguridad de los locales 24 horas al d\u00eda, 7 d\u00edas a la semana, nuestro personal profesional (d\u00eda-noche) est\u00e1 constantemente dedicado a su seguridad e intervendr\u00e1 r\u00e1pidamente en caso de problema. Si tiene alguna pregunta o duda sobre seguridad, puede ponerse en contacto con nuestra recepci\u00f3n, las 24 horas del d\u00eda, en el tel\u00e9fono (954) 921-6418.<\/p>\n<p>[\/et_pb_text][\/et_pb_column][\/et_pb_row][et_pb_row _builder_version=\u00bb4.24.0&#8243; _module_preset=\u00bbdefault\u00bb custom_margin=\u00bb40px||||false|false\u00bb global_colors_info=\u00bb{}\u00bb][et_pb_column type=\u00bb4_4&#8243; _builder_version=\u00bb4.23.1&#8243; _module_preset=\u00bbdefault\u00bb global_colors_info=\u00bb{}\u00bb][et_pb_text _builder_version=\u00bb4.24.0&#8243; _module_preset=\u00bbdefault\u00bb header_3_font=\u00bbABeeZee||||||||\u00bb header_3_text_color=\u00bb#7fbf00&#8243; global_colors_info=\u00bb{}\u00bb]<\/p>\n<h3>Pol\u00edtica de limpieza<\/h3>\n<p>&nbsp;<\/p>\n<p><strong><u>Usted paga la tarifa diaria:<\/u><\/strong><br \/>Tienes servicio de habitaciones diario.<\/p>\n<p><strong><u>Usted paga la tarifa semanal:<\/u><\/strong><br \/>Tienes un servicio de habitaciones semanal (una vez a la semana).*<\/p>\n<p>*Se proporciona un gran servicio\/limpieza una vez a la semana s\u00f3lo con cambio de s\u00e1banas. Las toallas, el papel higi\u00e9nico y las pastillas de jab\u00f3n s\u00f3lo se proporcionar\u00e1n si se solicitan entre las 9.00 y las 16.00 horas. Es posible que se realice una inspecci\u00f3n diaria de las habitaciones y que el aire acondicionado se apague cuando no haya nadie en su interior.<\/p>\n<p>Si es necesario, se proporcionar\u00e1 una peque\u00f1a escoba, una fregona y art\u00edculos b\u00e1sicos de limpieza a petici\u00f3n de los interesados.<\/p>\n<p>&nbsp;<\/p>\n<p>[\/et_pb_text][\/et_pb_column][\/et_pb_row][et_pb_row _builder_version=\u00bb4.24.0&#8243; _module_preset=\u00bbdefault\u00bb custom_margin=\u00bb40px||||false|false\u00bb global_colors_info=\u00bb{}\u00bb][et_pb_column type=\u00bb4_4&#8243; _builder_version=\u00bb4.23.1&#8243; _module_preset=\u00bbdefault\u00bb global_colors_info=\u00bb{}\u00bb][et_pb_text _builder_version=\u00bb4.24.1&#8243; _module_preset=\u00bbdefault\u00bb header_3_font=\u00bbABeeZee||||||||\u00bb header_3_text_color=\u00bb#7fbf00&#8243; global_colors_info=\u00bb{}\u00bb]<\/p>\n<p style=\"text-align: justify;\"><strong>*TV EN FRANC\u00c9S \/ Se ofrece un servicio alternativo (temporal)<\/strong><\/p>\n<p style=\"text-align: justify;\">\n<p style=\"text-align: justify;\">El deseo de la direcci\u00f3n es seguir ofreciendo a sus clientes de Quebec el servicio de televisi\u00f3n en franc\u00e9s. Se est\u00e1n incrementando los esfuerzos en este sentido, pero la<br \/>La tecnolog\u00eda ya no responde a las expectativas, y los resultados se reflejan en grandes variaciones en la recepci\u00f3n. En una palabra, las diferentes<br \/>Los canales franceses pueden funcionar de forma intermitente o simplemente no estar sintonizados todo el tiempo.<br \/>Es importante recordar que, en estas condiciones, la direcci\u00f3n no se hace responsable de las variaciones y\/o interrupciones de los canales franceses. Nosotros<br \/>Pedimos indulgencia a nuestros clientes de Quebec ante este fen\u00f3meno.<\/p>\n<p style=\"text-align: justify;\">Lo que nos importa es hacerlo lo mejor posible dadas las circunstancias y esforzarnos al m\u00e1ximo.<\/p>\n<p style=\"text-align: justify;\">Los franc\u00f3fonos de Quebec vienen a Florida ante todo por el clima, el sol, la playa, las actividades, las excursiones, tanto mejor si es \u00abparcialmente\u00bb posible ver algunos programas.<\/p>\n<p style=\"text-align: justify;\"><strong>SI INTERRUMPE<\/strong><\/p>\n<p style=\"text-align: justify;\">En caso de interrupci\u00f3n o cierre de uno o varios canales, puede notific\u00e1rnoslo (con RESPETO), y nosotros nos encargaremos de hacer lo necesario para que los canales vuelvan a funcionar. Nuestras esperanzas se basan en los avances tecnol\u00f3gicos que alg\u00fan d\u00eda les permitir\u00e1n a ustedes, queridos clientes, utilizar sus tel\u00e9fonos inteligentes y hacerles independientes a la hora de acceder a los contenidos que se emitir\u00e1n en sus habitaciones (&amp; apartamentos), al igual que hacen ahora la mayor\u00eda de nuestros clientes estadounidenses, que simplemente emiten (en \u00abmirroring\u00bb) su tel\u00e9fono en los televisores de cada unidad.<br \/>La mejor manera de asegurarse de que ve los programas de Quebec en diferido es consultar con su distribuidor de cable de Quebec ANTES de su llegada para averiguar c\u00f3mo ver Tou.tv y otros de todo el mundo en su tableta.<\/p>\n<p style=\"text-align: justify;\"><em>Gracias por su indulgencia&#8230;<\/em><\/p>\n<p style=\"text-align: justify;\">[\/et_pb_text][\/et_pb_column][\/et_pb_row][\/et_pb_section]<\/p>\n","protected":false},"excerpt":{"rendered":"<p>Acerca de Richard&#8217;s Motel &nbsp; La aventura del Motel Richard&#8217;s comenz\u00f3 el 10 de mayo de 1990. Desde hace m\u00e1s de 30 a\u00f1os, nunca hemos dejado de mejorar nuestros alojamientos de acuerdo con nuestro modelo de negocio (econ\u00f3mico). En funci\u00f3n de su presupuesto, puede optar por una unidad individual o familiar, con o sin dormitorio(s) [&hellip;]<\/p>\n","protected":false},"author":1,"featured_media":0,"parent":0,"menu_order":0,"comment_status":"closed","ping_status":"closed","template":"","meta":{"_et_pb_use_builder":"on","_et_pb_old_content":"","_et_gb_content_width":"","_monsterinsights_skip_tracking":false,"_monsterinsights_sitenote_active":false,"_monsterinsights_sitenote_note":"","_monsterinsights_sitenote_category":0,"footnotes":""},"class_list":["post-1529","page","type-page","status-publish","hentry"],"yoast_head":"<!-- This site is optimized with the Yoast SEO plugin v27.3 - https:\/\/yoast.com\/product\/yoast-seo-wordpress\/ -->\n<title>Qui\u00e9nes somos - Descuentos - Pol\u00edticas - Richard&#039;s Motel<\/title>\n<meta name=\"robots\" content=\"index, follow, max-snippet:-1, max-image-preview:large, max-video-preview:-1\" \/>\n<link rel=\"canonical\" href=\"https:\/\/richardsmotelfamilyoflodgings.com\/mainlocation\/es\/acerca-de-richards-motel\/\" \/>\n<meta property=\"og:locale\" content=\"es_ES\" \/>\n<meta property=\"og:type\" content=\"article\" \/>\n<meta property=\"og:title\" content=\"Qui\u00e9nes somos - Descuentos - Pol\u00edticas - Richard&#039;s Motel\" \/>\n<meta property=\"og:description\" content=\"Acerca de Richard&#039;s Motel &nbsp; La aventura del Motel Richard&#039;s comenz\u00f3 el 10 de mayo de 1990. Desde hace m\u00e1s de 30 a\u00f1os, nunca hemos dejado de mejorar nuestros alojamientos de acuerdo con nuestro modelo de negocio (econ\u00f3mico). En funci\u00f3n de su presupuesto, puede optar por una unidad individual o familiar, con o sin dormitorio(s) [&hellip;]\" \/>\n<meta property=\"og:url\" content=\"https:\/\/richardsmotelfamilyoflodgings.com\/mainlocation\/es\/acerca-de-richards-motel\/\" \/>\n<meta property=\"og:site_name\" content=\"Richard&#039;s Motel\" \/>\n<meta property=\"article:publisher\" content=\"https:\/\/www.facebook.com\/FamilyofLodgingsHollywoodFlorida\/\" \/>\n<meta property=\"article:modified_time\" content=\"2024-02-18T08:45:07+00:00\" \/>\n<meta name=\"twitter:card\" content=\"summary_large_image\" \/>\n<meta name=\"twitter:label1\" content=\"Tiempo de lectura\" \/>\n\t<meta name=\"twitter:data1\" content=\"8 minutos\" \/>\n<script type=\"application\/ld+json\" class=\"yoast-schema-graph\">{\"@context\":\"https:\\\/\\\/schema.org\",\"@graph\":[{\"@type\":\"WebPage\",\"@id\":\"https:\\\/\\\/richardsmotelfamilyoflodgings.com\\\/mainlocation\\\/es\\\/acerca-de-richards-motel\\\/\",\"url\":\"https:\\\/\\\/richardsmotelfamilyoflodgings.com\\\/mainlocation\\\/es\\\/acerca-de-richards-motel\\\/\",\"name\":\"Qui\u00e9nes somos - Descuentos - Pol\u00edticas - Richard&#039;s Motel\",\"isPartOf\":{\"@id\":\"https:\\\/\\\/richardsmotelfamilyoflodgings.com\\\/mainlocation\\\/en\\\/#website\"},\"datePublished\":\"2023-11-26T17:55:25+00:00\",\"dateModified\":\"2024-02-18T08:45:07+00:00\",\"breadcrumb\":{\"@id\":\"https:\\\/\\\/richardsmotelfamilyoflodgings.com\\\/mainlocation\\\/es\\\/acerca-de-richards-motel\\\/#breadcrumb\"},\"inLanguage\":\"es\",\"potentialAction\":[{\"@type\":\"ReadAction\",\"target\":[\"https:\\\/\\\/richardsmotelfamilyoflodgings.com\\\/mainlocation\\\/es\\\/acerca-de-richards-motel\\\/\"]}]},{\"@type\":\"BreadcrumbList\",\"@id\":\"https:\\\/\\\/richardsmotelfamilyoflodgings.com\\\/mainlocation\\\/es\\\/acerca-de-richards-motel\\\/#breadcrumb\",\"itemListElement\":[{\"@type\":\"ListItem\",\"position\":1,\"name\":\"Home\",\"item\":\"https:\\\/\\\/richardsmotelfamilyoflodgings.com\\\/mainlocation\\\/es\\\/\"},{\"@type\":\"ListItem\",\"position\":2,\"name\":\"Qui\u00e9nes somos &#8211; Descuentos &#8211; Pol\u00edticas\"}]},{\"@type\":\"WebSite\",\"@id\":\"https:\\\/\\\/richardsmotelfamilyoflodgings.com\\\/mainlocation\\\/en\\\/#website\",\"url\":\"https:\\\/\\\/richardsmotelfamilyoflodgings.com\\\/mainlocation\\\/en\\\/\",\"name\":\"Richard's Motel\",\"description\":\"\",\"publisher\":{\"@id\":\"https:\\\/\\\/richardsmotelfamilyoflodgings.com\\\/mainlocation\\\/en\\\/#organization\"},\"potentialAction\":[{\"@type\":\"SearchAction\",\"target\":{\"@type\":\"EntryPoint\",\"urlTemplate\":\"https:\\\/\\\/richardsmotelfamilyoflodgings.com\\\/mainlocation\\\/en\\\/?s={search_term_string}\"},\"query-input\":{\"@type\":\"PropertyValueSpecification\",\"valueRequired\":true,\"valueName\":\"search_term_string\"}}],\"inLanguage\":\"es\"},{\"@type\":\"Organization\",\"@id\":\"https:\\\/\\\/richardsmotelfamilyoflodgings.com\\\/mainlocation\\\/en\\\/#organization\",\"name\":\"Richard's Motel\",\"url\":\"https:\\\/\\\/richardsmotelfamilyoflodgings.com\\\/mainlocation\\\/en\\\/\",\"logo\":{\"@type\":\"ImageObject\",\"inLanguage\":\"es\",\"@id\":\"https:\\\/\\\/richardsmotelfamilyoflodgings.com\\\/mainlocation\\\/en\\\/#\\\/schema\\\/logo\\\/image\\\/\",\"url\":\"https:\\\/\\\/richardsmotelfamilyoflodgings.com\\\/mainlocation\\\/wp-content\\\/uploads\\\/revslider\\\/slider-1\\\/Motel-slider.png\",\"contentUrl\":\"https:\\\/\\\/richardsmotelfamilyoflodgings.com\\\/mainlocation\\\/wp-content\\\/uploads\\\/revslider\\\/slider-1\\\/Motel-slider.png\",\"width\":300,\"height\":238,\"caption\":\"Richard's Motel\"},\"image\":{\"@id\":\"https:\\\/\\\/richardsmotelfamilyoflodgings.com\\\/mainlocation\\\/en\\\/#\\\/schema\\\/logo\\\/image\\\/\"},\"sameAs\":[\"https:\\\/\\\/www.facebook.com\\\/FamilyofLodgingsHollywoodFlorida\\\/\"]}]}<\/script>\n<!-- \/ Yoast SEO plugin. -->","yoast_head_json":{"title":"Qui\u00e9nes somos - Descuentos - Pol\u00edticas - Richard&#039;s Motel","robots":{"index":"index","follow":"follow","max-snippet":"max-snippet:-1","max-image-preview":"max-image-preview:large","max-video-preview":"max-video-preview:-1"},"canonical":"https:\/\/richardsmotelfamilyoflodgings.com\/mainlocation\/es\/acerca-de-richards-motel\/","og_locale":"es_ES","og_type":"article","og_title":"Qui\u00e9nes somos - Descuentos - Pol\u00edticas - Richard&#039;s Motel","og_description":"Acerca de Richard's Motel &nbsp; La aventura del Motel Richard's comenz\u00f3 el 10 de mayo de 1990. Desde hace m\u00e1s de 30 a\u00f1os, nunca hemos dejado de mejorar nuestros alojamientos de acuerdo con nuestro modelo de negocio (econ\u00f3mico). En funci\u00f3n de su presupuesto, puede optar por una unidad individual o familiar, con o sin dormitorio(s) [&hellip;]","og_url":"https:\/\/richardsmotelfamilyoflodgings.com\/mainlocation\/es\/acerca-de-richards-motel\/","og_site_name":"Richard&#039;s Motel","article_publisher":"https:\/\/www.facebook.com\/FamilyofLodgingsHollywoodFlorida\/","article_modified_time":"2024-02-18T08:45:07+00:00","twitter_card":"summary_large_image","twitter_misc":{"Tiempo de lectura":"8 minutos"},"schema":{"@context":"https:\/\/schema.org","@graph":[{"@type":"WebPage","@id":"https:\/\/richardsmotelfamilyoflodgings.com\/mainlocation\/es\/acerca-de-richards-motel\/","url":"https:\/\/richardsmotelfamilyoflodgings.com\/mainlocation\/es\/acerca-de-richards-motel\/","name":"Qui\u00e9nes somos - Descuentos - Pol\u00edticas - Richard&#039;s Motel","isPartOf":{"@id":"https:\/\/richardsmotelfamilyoflodgings.com\/mainlocation\/en\/#website"},"datePublished":"2023-11-26T17:55:25+00:00","dateModified":"2024-02-18T08:45:07+00:00","breadcrumb":{"@id":"https:\/\/richardsmotelfamilyoflodgings.com\/mainlocation\/es\/acerca-de-richards-motel\/#breadcrumb"},"inLanguage":"es","potentialAction":[{"@type":"ReadAction","target":["https:\/\/richardsmotelfamilyoflodgings.com\/mainlocation\/es\/acerca-de-richards-motel\/"]}]},{"@type":"BreadcrumbList","@id":"https:\/\/richardsmotelfamilyoflodgings.com\/mainlocation\/es\/acerca-de-richards-motel\/#breadcrumb","itemListElement":[{"@type":"ListItem","position":1,"name":"Home","item":"https:\/\/richardsmotelfamilyoflodgings.com\/mainlocation\/es\/"},{"@type":"ListItem","position":2,"name":"Qui\u00e9nes somos &#8211; Descuentos &#8211; Pol\u00edticas"}]},{"@type":"WebSite","@id":"https:\/\/richardsmotelfamilyoflodgings.com\/mainlocation\/en\/#website","url":"https:\/\/richardsmotelfamilyoflodgings.com\/mainlocation\/en\/","name":"Richard's Motel","description":"","publisher":{"@id":"https:\/\/richardsmotelfamilyoflodgings.com\/mainlocation\/en\/#organization"},"potentialAction":[{"@type":"SearchAction","target":{"@type":"EntryPoint","urlTemplate":"https:\/\/richardsmotelfamilyoflodgings.com\/mainlocation\/en\/?s={search_term_string}"},"query-input":{"@type":"PropertyValueSpecification","valueRequired":true,"valueName":"search_term_string"}}],"inLanguage":"es"},{"@type":"Organization","@id":"https:\/\/richardsmotelfamilyoflodgings.com\/mainlocation\/en\/#organization","name":"Richard's Motel","url":"https:\/\/richardsmotelfamilyoflodgings.com\/mainlocation\/en\/","logo":{"@type":"ImageObject","inLanguage":"es","@id":"https:\/\/richardsmotelfamilyoflodgings.com\/mainlocation\/en\/#\/schema\/logo\/image\/","url":"https:\/\/richardsmotelfamilyoflodgings.com\/mainlocation\/wp-content\/uploads\/revslider\/slider-1\/Motel-slider.png","contentUrl":"https:\/\/richardsmotelfamilyoflodgings.com\/mainlocation\/wp-content\/uploads\/revslider\/slider-1\/Motel-slider.png","width":300,"height":238,"caption":"Richard's Motel"},"image":{"@id":"https:\/\/richardsmotelfamilyoflodgings.com\/mainlocation\/en\/#\/schema\/logo\/image\/"},"sameAs":["https:\/\/www.facebook.com\/FamilyofLodgingsHollywoodFlorida\/"]}]}},"_links":{"self":[{"href":"https:\/\/richardsmotelfamilyoflodgings.com\/mainlocation\/es\/wp-json\/wp\/v2\/pages\/1529","targetHints":{"allow":["GET"]}}],"collection":[{"href":"https:\/\/richardsmotelfamilyoflodgings.com\/mainlocation\/es\/wp-json\/wp\/v2\/pages"}],"about":[{"href":"https:\/\/richardsmotelfamilyoflodgings.com\/mainlocation\/es\/wp-json\/wp\/v2\/types\/page"}],"author":[{"embeddable":true,"href":"https:\/\/richardsmotelfamilyoflodgings.com\/mainlocation\/es\/wp-json\/wp\/v2\/users\/1"}],"replies":[{"embeddable":true,"href":"https:\/\/richardsmotelfamilyoflodgings.com\/mainlocation\/es\/wp-json\/wp\/v2\/comments?post=1529"}],"version-history":[{"count":35,"href":"https:\/\/richardsmotelfamilyoflodgings.com\/mainlocation\/es\/wp-json\/wp\/v2\/pages\/1529\/revisions"}],"predecessor-version":[{"id":2331,"href":"https:\/\/richardsmotelfamilyoflodgings.com\/mainlocation\/es\/wp-json\/wp\/v2\/pages\/1529\/revisions\/2331"}],"wp:attachment":[{"href":"https:\/\/richardsmotelfamilyoflodgings.com\/mainlocation\/es\/wp-json\/wp\/v2\/media?parent=1529"}],"curies":[{"name":"wp","href":"https:\/\/api.w.org\/{rel}","templated":true}]}}