{"id":1922,"date":"2024-02-15T08:45:40","date_gmt":"2024-02-15T08:45:40","guid":{"rendered":"http:\/\/new.richardsmotelfamilyoflodgings.com\/divi\/sun-shuttle\/"},"modified":"2024-02-16T12:38:35","modified_gmt":"2024-02-16T12:38:35","slug":"sun-shuttle","status":"publish","type":"page","link":"https:\/\/richardsmotelfamilyoflodgings.com\/mainlocation\/es\/sun-shuttle\/","title":{"rendered":"Sun Shuttle"},"content":{"rendered":"<p>[et_pb_section fb_built=\u00bb1&#8243; _builder_version=\u00bb4.24.0&#8243; _module_preset=\u00bbdefault\u00bb global_colors_info=\u00bb{}\u00bb][et_pb_row _builder_version=\u00bb4.24.0&#8243; _module_preset=\u00bbdefault\u00bb global_colors_info=\u00bb{}\u00bb][et_pb_column type=\u00bb4_4&#8243; _builder_version=\u00bb4.24.0&#8243; _module_preset=\u00bbdefault\u00bb global_colors_info=\u00bb{}\u00bb][et_pb_text _builder_version=\u00bb4.24.0&#8243; _module_preset=\u00bbdefault\u00bb header_4_font=\u00bbABeeZee||||||||\u00bb header_4_text_color=\u00bb#7fbf01&#8243; global_colors_info=\u00bb{}\u00bb]<\/p>\n<h4>Sun Shuttle<\/h4>\n<p>[\/et_pb_text][\/et_pb_column][\/et_pb_row][et_pb_row column_structure=\u00bb1_2,1_2&#8243; _builder_version=\u00bb4.24.0&#8243; _module_preset=\u00bbdefault\u00bb global_colors_info=\u00bb{}\u00bb][et_pb_column type=\u00bb1_2&#8243; _builder_version=\u00bb4.24.0&#8243; _module_preset=\u00bbdefault\u00bb global_colors_info=\u00bb{}\u00bb][et_pb_text _builder_version=\u00bb4.24.0&#8243; _module_preset=\u00bbdefault\u00bb global_colors_info=\u00bb{}\u00bb]<\/p>\n<p><strong>\u00a1Salta, ag\u00e1chate!<\/strong><\/p>\n<p>Nunca ha sido tan f\u00e1cil y divertido moverse por Hollywood. Deje el coche en casa y s\u00fabase al servicio gratuito de transporte el\u00e9ctrico \u00abSun Shuttle\u00bb de Circuit. Cuando est\u00e9 listo para que le recojan, s\u00f3lo tiene que utilizar la aplicaci\u00f3n a la carta \u00abRide Circuit\u00bb para solicitar que le recojan, avisar al conductor del veh\u00edculo m\u00e1s cercano o dirigirse a una parada designada en el \u00e1rea de servicio.<\/p>\n<p>[\/et_pb_text][\/et_pb_column][et_pb_column type=\u00bb1_2&#8243; _builder_version=\u00bb4.24.0&#8243; _module_preset=\u00bbdefault\u00bb global_colors_info=\u00bb{}\u00bb][et_pb_image src=\u00bbhttp:\/\/new.richardsmotelfamilyoflodgings.com\/divi\/wp-content\/uploads\/2024\/02\/Sun-Shuttle.jpg\u00bb title_text=\u00bbSun-Shuttle\u00bb _builder_version=\u00bb4.24.0&#8243; _module_preset=\u00bbdefault\u00bb width=\u00bb100%\u00bb module_alignment=\u00bbright\u00bb custom_margin=\u00bb||||false|false\u00bb border_width_all=\u00bb5px\u00bb border_color_all=\u00bb#FFFFFF\u00bb box_shadow_style=\u00bbpreset2&#8243; box_shadow_color=\u00bbrgba(0,45,76,0.32)\u00bb global_colors_info=\u00bb{}\u00bb][\/et_pb_image][\/et_pb_column][\/et_pb_row][et_pb_row _builder_version=\u00bb4.24.0&#8243; _module_preset=\u00bbdefault\u00bb global_colors_info=\u00bb{}\u00bb][et_pb_column type=\u00bb4_4&#8243; _builder_version=\u00bb4.24.0&#8243; _module_preset=\u00bbdefault\u00bb global_colors_info=\u00bb{}\u00bb][et_pb_text _builder_version=\u00bb4.24.0&#8243; _module_preset=\u00bbdefault\u00bb global_colors_info=\u00bb{}\u00bb]<\/p>\n<p><strong>Ver la vida. Ver Hollywood en el Sun Shuttle<\/strong><\/p>\n<p>Descubra todo lo que hay que ver y hacer en Hollywood. Desde restaurantes y actividades culturales en el centro hist\u00f3rico, hasta un r\u00e1pido trayecto en coche a un lugar de negocios, restaurante u hotel a lo largo de la Carretera Federal, pasando por restaurantes, tiendas y actividades recreativas frente al mar en Hollywood Beach, entender\u00e1 por qu\u00e9 Hollywood ha sido nombrada All-America City y una de las mejores playas para familias de Estados Unidos. Ver todo sobre el Sun Shuttle<\/p>\n<p><strong>\u00bfQu\u00e9 es el Sun Shuttle by Circuit?<\/strong><\/p>\n<p>El Sun Shuttle, operado por Circuit -antes conocido como \u00abThe Free Ride\u00bb-, es un sistema de transporte p\u00fablico el\u00e9ctrico respetuoso con el medio ambiente que transporta pasajeros a \u00e1reas de servicio en el centro de Hollywood, en la playa de Hollywood y a lo largo de la Carretera Federal. Los clientes pueden llegar a donde quieran en Hollywood de forma r\u00e1pida y sencilla, completamente gratis.<\/p>\n<p>[\/et_pb_text][\/et_pb_column][\/et_pb_row][et_pb_row _builder_version=\u00bb4.24.0&#8243; _module_preset=\u00bbdefault\u00bb global_colors_info=\u00bb{}\u00bb][et_pb_column type=\u00bb4_4&#8243; _builder_version=\u00bb4.24.0&#8243; _module_preset=\u00bbdefault\u00bb global_colors_info=\u00bb{}\u00bb][et_pb_text _builder_version=\u00bb4.24.0&#8243; _module_preset=\u00bbdefault\u00bb global_colors_info=\u00bb{}\u00bb]<\/p>\n<p><strong>\u00bfD\u00f3nde puedo ir en el Sun Shuttle?<\/strong><\/p>\n<p>Los pasajeros pueden subir y bajar en cualquier punto de las siguientes \u00e1reas de servicio:<\/p>\n<p>[\/et_pb_text][et_pb_gallery gallery_ids=\u00bb2184,2187,2190,2193&#8243; show_title_and_caption=\u00bboff\u00bb _builder_version=\u00bb4.24.0&#8243; _module_preset=\u00bbdefault\u00bb global_colors_info=\u00bb{}\u00bb][\/et_pb_gallery][\/et_pb_column][\/et_pb_row][et_pb_row column_structure=\u00bb1_2,1_2&#8243; _builder_version=\u00bb4.24.0&#8243; _module_preset=\u00bbdefault\u00bb global_colors_info=\u00bb{}\u00bb][et_pb_column type=\u00bb1_2&#8243; _builder_version=\u00bb4.24.0&#8243; _module_preset=\u00bbdefault\u00bb global_colors_info=\u00bb{}\u00bb][et_pb_text _builder_version=\u00bb4.24.0&#8243; _module_preset=\u00bbdefault\u00bb global_colors_info=\u00bb{}\u00bb]<\/p>\n<p style=\"text-align: justify;\"><strong>Viaje en el Sun Shuttle<\/strong><\/p>\n<p style=\"text-align: justify;\"><strong>Servicio de vigilancia a la carta<\/strong><\/p>\n<p style=\"text-align: justify;\">Utilice la aplicaci\u00f3n gratuita \u00abRide Circuit\u00bb para avisar a un conductor de la flota para que le recoja. Los corredores deben estar en un \u00e1rea de servicio.<br \/>Descargue la aplicaci\u00f3n \u00abRide Circuit\u00bb de la App Store o desc\u00e1rguela de Google Play <a href=\"https:\/\/www.ridecircuit.com\/\" target=\"_blank\" rel=\"noreferrer noopener\">www.ridecircuit.com<\/a><\/p>\n<p style=\"text-align: justify;\"><strong>Firma a un conductor de flota<\/strong><\/p>\n<p style=\"text-align: justify;\">Cuando est\u00e9 listo para ser recogido, simplemente salude al operador de la flota Sun Shuttle m\u00e1s cercano.<\/p>\n<p style=\"text-align: justify;\">\n<p style=\"text-align: justify;\"><strong>Paradas de lanzadera<\/strong><br \/>El Sun Shuttle tambi\u00e9n para en los lugares designados a continuaci\u00f3n:<\/p>\n<p style=\"text-align: justify;\">Sun Shuttle para en Hollywood Beach<br \/>&#8211; \u00abGarfield\u00bb aparcamiento operado por la ciudad en A1A en la calle Connecticut<br \/>&#8211; \u00abJohnson Street Mobility Hub\u00bb en A1A y Johnson Street<br \/>&#8211; \u00abNevada\u00bb aparcamiento operado por la ciudad en A1A y Nevada Street<br \/> Sun Shuttle para en el centro de Hollywood<br \/>&#8211; Aparcamiento \u00abVan Buren\u00bb gestionado por la ciudad en la avenida 20 y la calle Van Buren<br \/>&#8211; Aparcamiento \u00abRadius\u00bb gestionado por la ciudad en la avenida 19 y la calle Polk<\/p>\n<p>[\/et_pb_text][\/et_pb_column][et_pb_column type=\u00bb1_2&#8243; _builder_version=\u00bb4.24.0&#8243; _module_preset=\u00bbdefault\u00bb global_colors_info=\u00bb{}\u00bb][et_pb_text _builder_version=\u00bb4.24.0&#8243; _module_preset=\u00bbdefault\u00bb global_colors_info=\u00bb{}\u00bb]<\/p>\n<p style=\"text-align: justify;\"><strong><\/strong><\/p>\n<p style=\"text-align: justify;\"><strong><\/strong><\/p>\n<p style=\"text-align: justify;\"><strong><\/strong><\/p>\n<p style=\"text-align: justify;\"><strong>\u00bfCu\u00e1nto cuesta un viaje en el Sun Shuttle?<\/strong><\/p>\n<p style=\"text-align: justify;\">Un paseo en el Sun Shuttle by Circuit es gratuito, cortes\u00eda de la Agencia de Reurbanizaci\u00f3n de la Comunidad de Hollywood y el Ayuntamiento de Hollywood.<\/p>\n<p style=\"text-align: justify;\"><strong>\u00bfCu\u00e1ntos pasajeros pueden utilizar la lanzadera Sun?<br \/><\/strong>Cada Sun Shuttle tiene capacidad para 5 pasajeros. Aunque no se exige un n\u00famero m\u00ednimo de pasajeros, animamos a las personas a viajar juntas. Las lanzaderas disponen de una zona especial en la parte trasera para sus efectos personales, equipaje y juguetes de playa.<\/p>\n<p style=\"text-align: justify;\"><strong>\u00bfCu\u00e1ndo puedo conseguir un Sun Shuttle?<\/strong><br \/>Horario de la semana: De domingo a jueves, de 10.00 a 21.00 h.<br \/>Horario de fin de semana: Viernes y s\u00e1bado de 10.00 a 22.00 h.<\/p>\n<p style=\"text-align: justify;\"><strong>Atenci\u00f3n al cliente<\/strong><\/p>\n<p style=\"text-align: justify;\">Para ponerse en contacto con un representante del servicio de atenci\u00f3n al cliente de Circuit:<br \/>Llame al 646.504.3733<br \/>Correo electr\u00f3nico: info@ridecircuit.com<\/p>\n<p style=\"text-align: justify;\"><strong>Accesibilidad ADA<\/strong><\/p>\n<p style=\"text-align: justify;\">Si lo desea, puede solicitar un servicio de transporte adaptado a la ADA.<\/p>\n<p>[\/et_pb_text][\/et_pb_column][\/et_pb_row][et_pb_row column_structure=\u00bb1_2,1_2&#8243; _builder_version=\u00bb4.24.0&#8243; _module_preset=\u00bbdefault\u00bb global_colors_info=\u00bb{}\u00bb][et_pb_column type=\u00bb1_2&#8243; _builder_version=\u00bb4.24.0&#8243; _module_preset=\u00bbdefault\u00bb global_colors_info=\u00bb{}\u00bb][et_pb_image src=\u00bbhttp:\/\/new.richardsmotelfamilyoflodgings.com\/divi\/wp-content\/uploads\/2024\/02\/Sun-Shuttle-RM1-1024&#215;683.jpg\u00bb title_text=\u00bbSun-Shuttle-RM1&#8243; _builder_version=\u00bb4.24.0&#8243; _module_preset=\u00bbdefault\u00bb width=\u00bb100%\u00bb module_alignment=\u00bbright\u00bb custom_margin=\u00bb||||false|false\u00bb border_width_all=\u00bb5px\u00bb border_color_all=\u00bb#FFFFFF\u00bb box_shadow_style=\u00bbpreset2&#8243; box_shadow_color=\u00bbrgba(0,45,76,0.32)\u00bb global_colors_info=\u00bb{}\u00bb][\/et_pb_image][\/et_pb_column][et_pb_column type=\u00bb1_2&#8243; _builder_version=\u00bb4.24.0&#8243; _module_preset=\u00bbdefault\u00bb global_colors_info=\u00bb{}\u00bb][et_pb_image src=\u00bbhttp:\/\/new.richardsmotelfamilyoflodgings.com\/divi\/wp-content\/uploads\/2024\/02\/Sun-Shuttle-RM2-1024&#215;683.jpg\u00bb title_text=\u00bbSun-Shuttle-RM2&#8243; _builder_version=\u00bb4.24.0&#8243; _module_preset=\u00bbdefault\u00bb width=\u00bb100%\u00bb module_alignment=\u00bbright\u00bb custom_margin=\u00bb||||false|false\u00bb border_width_all=\u00bb5px\u00bb border_color_all=\u00bb#FFFFFF\u00bb box_shadow_style=\u00bbpreset2&#8243; box_shadow_color=\u00bbrgba(0,45,76,0.32)\u00bb global_colors_info=\u00bb{}\u00bb][\/et_pb_image][\/et_pb_column][\/et_pb_row][\/et_pb_section]<\/p>\n","protected":false},"excerpt":{"rendered":"<p>Sun Shuttle\u00a1Salta, ag\u00e1chate! Nunca ha sido tan f\u00e1cil y divertido moverse por Hollywood. Deje el coche en casa y s\u00fabase al servicio gratuito de transporte el\u00e9ctrico \u00abSun Shuttle\u00bb de Circuit. Cuando est\u00e9 listo para que le recojan, s\u00f3lo tiene que utilizar la aplicaci\u00f3n a la carta \u00abRide Circuit\u00bb para solicitar que le recojan, avisar al [&hellip;]<\/p>\n","protected":false},"author":1,"featured_media":0,"parent":0,"menu_order":0,"comment_status":"closed","ping_status":"closed","template":"","meta":{"_et_pb_use_builder":"on","_et_pb_old_content":"","_et_gb_content_width":"","_monsterinsights_skip_tracking":false,"_monsterinsights_sitenote_active":false,"_monsterinsights_sitenote_note":"","_monsterinsights_sitenote_category":0,"footnotes":""},"class_list":["post-1922","page","type-page","status-publish","hentry"],"yoast_head":"<!-- This site is optimized with the Yoast SEO plugin v27.3 - https:\/\/yoast.com\/product\/yoast-seo-wordpress\/ -->\n<title>Sun Shuttle - Richard&#039;s Motel<\/title>\n<meta name=\"robots\" content=\"index, follow, max-snippet:-1, max-image-preview:large, max-video-preview:-1\" \/>\n<link rel=\"canonical\" href=\"https:\/\/richardsmotelfamilyoflodgings.com\/mainlocation\/es\/sun-shuttle\/\" \/>\n<meta property=\"og:locale\" content=\"es_ES\" \/>\n<meta property=\"og:type\" content=\"article\" \/>\n<meta property=\"og:title\" content=\"Sun Shuttle - Richard&#039;s Motel\" \/>\n<meta property=\"og:description\" content=\"Sun Shuttle\u00a1Salta, ag\u00e1chate! Nunca ha sido tan f\u00e1cil y divertido moverse por Hollywood. Deje el coche en casa y s\u00fabase al servicio gratuito de transporte el\u00e9ctrico &quot;Sun Shuttle&quot; de Circuit. Cuando est\u00e9 listo para que le recojan, s\u00f3lo tiene que utilizar la aplicaci\u00f3n a la carta &quot;Ride Circuit&quot; para solicitar que le recojan, avisar al [&hellip;]\" \/>\n<meta property=\"og:url\" content=\"https:\/\/richardsmotelfamilyoflodgings.com\/mainlocation\/es\/sun-shuttle\/\" \/>\n<meta property=\"og:site_name\" content=\"Richard&#039;s Motel\" \/>\n<meta property=\"article:publisher\" content=\"https:\/\/www.facebook.com\/FamilyofLodgingsHollywoodFlorida\/\" \/>\n<meta property=\"article:modified_time\" content=\"2024-02-16T12:38:35+00:00\" \/>\n<meta name=\"twitter:card\" content=\"summary_large_image\" \/>\n<meta name=\"twitter:label1\" content=\"Tiempo de lectura\" \/>\n\t<meta name=\"twitter:data1\" content=\"6 minutos\" \/>\n<script type=\"application\/ld+json\" class=\"yoast-schema-graph\">{\"@context\":\"https:\\\/\\\/schema.org\",\"@graph\":[{\"@type\":\"WebPage\",\"@id\":\"https:\\\/\\\/richardsmotelfamilyoflodgings.com\\\/mainlocation\\\/es\\\/sun-shuttle\\\/\",\"url\":\"https:\\\/\\\/richardsmotelfamilyoflodgings.com\\\/mainlocation\\\/es\\\/sun-shuttle\\\/\",\"name\":\"Sun Shuttle - Richard&#039;s Motel\",\"isPartOf\":{\"@id\":\"https:\\\/\\\/richardsmotelfamilyoflodgings.com\\\/mainlocation\\\/en\\\/#website\"},\"datePublished\":\"2024-02-15T08:45:40+00:00\",\"dateModified\":\"2024-02-16T12:38:35+00:00\",\"breadcrumb\":{\"@id\":\"https:\\\/\\\/richardsmotelfamilyoflodgings.com\\\/mainlocation\\\/es\\\/sun-shuttle\\\/#breadcrumb\"},\"inLanguage\":\"es\",\"potentialAction\":[{\"@type\":\"ReadAction\",\"target\":[\"https:\\\/\\\/richardsmotelfamilyoflodgings.com\\\/mainlocation\\\/es\\\/sun-shuttle\\\/\"]}]},{\"@type\":\"BreadcrumbList\",\"@id\":\"https:\\\/\\\/richardsmotelfamilyoflodgings.com\\\/mainlocation\\\/es\\\/sun-shuttle\\\/#breadcrumb\",\"itemListElement\":[{\"@type\":\"ListItem\",\"position\":1,\"name\":\"Home\",\"item\":\"https:\\\/\\\/richardsmotelfamilyoflodgings.com\\\/mainlocation\\\/es\\\/\"},{\"@type\":\"ListItem\",\"position\":2,\"name\":\"Sun Shuttle\"}]},{\"@type\":\"WebSite\",\"@id\":\"https:\\\/\\\/richardsmotelfamilyoflodgings.com\\\/mainlocation\\\/en\\\/#website\",\"url\":\"https:\\\/\\\/richardsmotelfamilyoflodgings.com\\\/mainlocation\\\/en\\\/\",\"name\":\"Richard's Motel\",\"description\":\"\",\"publisher\":{\"@id\":\"https:\\\/\\\/richardsmotelfamilyoflodgings.com\\\/mainlocation\\\/en\\\/#organization\"},\"potentialAction\":[{\"@type\":\"SearchAction\",\"target\":{\"@type\":\"EntryPoint\",\"urlTemplate\":\"https:\\\/\\\/richardsmotelfamilyoflodgings.com\\\/mainlocation\\\/en\\\/?s={search_term_string}\"},\"query-input\":{\"@type\":\"PropertyValueSpecification\",\"valueRequired\":true,\"valueName\":\"search_term_string\"}}],\"inLanguage\":\"es\"},{\"@type\":\"Organization\",\"@id\":\"https:\\\/\\\/richardsmotelfamilyoflodgings.com\\\/mainlocation\\\/en\\\/#organization\",\"name\":\"Richard's Motel\",\"url\":\"https:\\\/\\\/richardsmotelfamilyoflodgings.com\\\/mainlocation\\\/en\\\/\",\"logo\":{\"@type\":\"ImageObject\",\"inLanguage\":\"es\",\"@id\":\"https:\\\/\\\/richardsmotelfamilyoflodgings.com\\\/mainlocation\\\/en\\\/#\\\/schema\\\/logo\\\/image\\\/\",\"url\":\"https:\\\/\\\/richardsmotelfamilyoflodgings.com\\\/mainlocation\\\/wp-content\\\/uploads\\\/revslider\\\/slider-1\\\/Motel-slider.png\",\"contentUrl\":\"https:\\\/\\\/richardsmotelfamilyoflodgings.com\\\/mainlocation\\\/wp-content\\\/uploads\\\/revslider\\\/slider-1\\\/Motel-slider.png\",\"width\":300,\"height\":238,\"caption\":\"Richard's Motel\"},\"image\":{\"@id\":\"https:\\\/\\\/richardsmotelfamilyoflodgings.com\\\/mainlocation\\\/en\\\/#\\\/schema\\\/logo\\\/image\\\/\"},\"sameAs\":[\"https:\\\/\\\/www.facebook.com\\\/FamilyofLodgingsHollywoodFlorida\\\/\"]}]}<\/script>\n<!-- \/ Yoast SEO plugin. -->","yoast_head_json":{"title":"Sun Shuttle - Richard&#039;s Motel","robots":{"index":"index","follow":"follow","max-snippet":"max-snippet:-1","max-image-preview":"max-image-preview:large","max-video-preview":"max-video-preview:-1"},"canonical":"https:\/\/richardsmotelfamilyoflodgings.com\/mainlocation\/es\/sun-shuttle\/","og_locale":"es_ES","og_type":"article","og_title":"Sun Shuttle - Richard&#039;s Motel","og_description":"Sun Shuttle\u00a1Salta, ag\u00e1chate! Nunca ha sido tan f\u00e1cil y divertido moverse por Hollywood. Deje el coche en casa y s\u00fabase al servicio gratuito de transporte el\u00e9ctrico \"Sun Shuttle\" de Circuit. Cuando est\u00e9 listo para que le recojan, s\u00f3lo tiene que utilizar la aplicaci\u00f3n a la carta \"Ride Circuit\" para solicitar que le recojan, avisar al [&hellip;]","og_url":"https:\/\/richardsmotelfamilyoflodgings.com\/mainlocation\/es\/sun-shuttle\/","og_site_name":"Richard&#039;s Motel","article_publisher":"https:\/\/www.facebook.com\/FamilyofLodgingsHollywoodFlorida\/","article_modified_time":"2024-02-16T12:38:35+00:00","twitter_card":"summary_large_image","twitter_misc":{"Tiempo de lectura":"6 minutos"},"schema":{"@context":"https:\/\/schema.org","@graph":[{"@type":"WebPage","@id":"https:\/\/richardsmotelfamilyoflodgings.com\/mainlocation\/es\/sun-shuttle\/","url":"https:\/\/richardsmotelfamilyoflodgings.com\/mainlocation\/es\/sun-shuttle\/","name":"Sun Shuttle - Richard&#039;s Motel","isPartOf":{"@id":"https:\/\/richardsmotelfamilyoflodgings.com\/mainlocation\/en\/#website"},"datePublished":"2024-02-15T08:45:40+00:00","dateModified":"2024-02-16T12:38:35+00:00","breadcrumb":{"@id":"https:\/\/richardsmotelfamilyoflodgings.com\/mainlocation\/es\/sun-shuttle\/#breadcrumb"},"inLanguage":"es","potentialAction":[{"@type":"ReadAction","target":["https:\/\/richardsmotelfamilyoflodgings.com\/mainlocation\/es\/sun-shuttle\/"]}]},{"@type":"BreadcrumbList","@id":"https:\/\/richardsmotelfamilyoflodgings.com\/mainlocation\/es\/sun-shuttle\/#breadcrumb","itemListElement":[{"@type":"ListItem","position":1,"name":"Home","item":"https:\/\/richardsmotelfamilyoflodgings.com\/mainlocation\/es\/"},{"@type":"ListItem","position":2,"name":"Sun Shuttle"}]},{"@type":"WebSite","@id":"https:\/\/richardsmotelfamilyoflodgings.com\/mainlocation\/en\/#website","url":"https:\/\/richardsmotelfamilyoflodgings.com\/mainlocation\/en\/","name":"Richard's Motel","description":"","publisher":{"@id":"https:\/\/richardsmotelfamilyoflodgings.com\/mainlocation\/en\/#organization"},"potentialAction":[{"@type":"SearchAction","target":{"@type":"EntryPoint","urlTemplate":"https:\/\/richardsmotelfamilyoflodgings.com\/mainlocation\/en\/?s={search_term_string}"},"query-input":{"@type":"PropertyValueSpecification","valueRequired":true,"valueName":"search_term_string"}}],"inLanguage":"es"},{"@type":"Organization","@id":"https:\/\/richardsmotelfamilyoflodgings.com\/mainlocation\/en\/#organization","name":"Richard's Motel","url":"https:\/\/richardsmotelfamilyoflodgings.com\/mainlocation\/en\/","logo":{"@type":"ImageObject","inLanguage":"es","@id":"https:\/\/richardsmotelfamilyoflodgings.com\/mainlocation\/en\/#\/schema\/logo\/image\/","url":"https:\/\/richardsmotelfamilyoflodgings.com\/mainlocation\/wp-content\/uploads\/revslider\/slider-1\/Motel-slider.png","contentUrl":"https:\/\/richardsmotelfamilyoflodgings.com\/mainlocation\/wp-content\/uploads\/revslider\/slider-1\/Motel-slider.png","width":300,"height":238,"caption":"Richard's Motel"},"image":{"@id":"https:\/\/richardsmotelfamilyoflodgings.com\/mainlocation\/en\/#\/schema\/logo\/image\/"},"sameAs":["https:\/\/www.facebook.com\/FamilyofLodgingsHollywoodFlorida\/"]}]}},"_links":{"self":[{"href":"https:\/\/richardsmotelfamilyoflodgings.com\/mainlocation\/es\/wp-json\/wp\/v2\/pages\/1922","targetHints":{"allow":["GET"]}}],"collection":[{"href":"https:\/\/richardsmotelfamilyoflodgings.com\/mainlocation\/es\/wp-json\/wp\/v2\/pages"}],"about":[{"href":"https:\/\/richardsmotelfamilyoflodgings.com\/mainlocation\/es\/wp-json\/wp\/v2\/types\/page"}],"author":[{"embeddable":true,"href":"https:\/\/richardsmotelfamilyoflodgings.com\/mainlocation\/es\/wp-json\/wp\/v2\/users\/1"}],"replies":[{"embeddable":true,"href":"https:\/\/richardsmotelfamilyoflodgings.com\/mainlocation\/es\/wp-json\/wp\/v2\/comments?post=1922"}],"version-history":[{"count":13,"href":"https:\/\/richardsmotelfamilyoflodgings.com\/mainlocation\/es\/wp-json\/wp\/v2\/pages\/1922\/revisions"}],"predecessor-version":[{"id":2236,"href":"https:\/\/richardsmotelfamilyoflodgings.com\/mainlocation\/es\/wp-json\/wp\/v2\/pages\/1922\/revisions\/2236"}],"wp:attachment":[{"href":"https:\/\/richardsmotelfamilyoflodgings.com\/mainlocation\/es\/wp-json\/wp\/v2\/media?parent=1922"}],"curies":[{"name":"wp","href":"https:\/\/api.w.org\/{rel}","templated":true}]}}