{"id":1408,"date":"2023-11-26T17:58:02","date_gmt":"2023-11-26T17:58:02","guid":{"rendered":"http:\/\/new.richardsmotelfamilyoflodgings.com\/divi\/chambres\/"},"modified":"2024-02-13T09:06:07","modified_gmt":"2024-02-13T09:06:07","slug":"chambres","status":"publish","type":"page","link":"https:\/\/richardsmotelfamilyoflodgings.com\/mainlocation\/fr\/chambres\/","title":{"rendered":"Chambres"},"content":{"rendered":"<p>[et_pb_section fb_built=\u00a0\u00bb1&Prime; _builder_version=\u00a0\u00bb4.23.1&Prime; _module_preset=\u00a0\u00bbdefault\u00a0\u00bb global_colors_info=\u00a0\u00bb{}\u00a0\u00bb][et_pb_row _builder_version=\u00a0\u00bb4.23.1&Prime; _module_preset=\u00a0\u00bbdefault\u00a0\u00bb global_colors_info=\u00a0\u00bb{}\u00a0\u00bb][et_pb_column type=\u00a0\u00bb4_4&Prime; _builder_version=\u00a0\u00bb4.23.1&Prime; _module_preset=\u00a0\u00bbdefault\u00a0\u00bb global_colors_info=\u00a0\u00bb{}\u00a0\u00bb][et_pb_text _builder_version=\u00a0\u00bb4.24.0&Prime; _module_preset=\u00a0\u00bbdefault\u00a0\u00bb hover_enabled=\u00a0\u00bb0&Prime; global_colors_info=\u00a0\u00bb{}\u00a0\u00bb sticky_enabled=\u00a0\u00bb0&Prime;]<\/p>\n<p class=\"has-text-align-center\"><strong>Toutes les chambres du Motel<\/strong><\/p>\n<\/p>\n<p style=\"text-align: justify;\">Le Richard&rsquo;s Motel propose des appartements d&rsquo;une ou deux chambres, des studios, des petites, des grandes et des tr\u00e8s grandes chambres d&rsquo;h\u00f4tel pouvant accueillir des personnes seules ou des familles. Nous vous proposons des chambres tr\u00e8s propres, une atmosph\u00e8re conviviale, une piscine chauff\u00e9e, des lave-linge et des s\u00e8che-linge, des distributeurs automatiques et tout ce dont vous pourriez avoir besoin pour rendre votre s\u00e9jour plus confortable. Y compris l&rsquo;internet Wi Fi gratuit. En outre, des barbecues sont disponibles. Nous proposons la t\u00e9l\u00e9vision par c\u00e2ble, huit cha\u00eenes de t\u00e9l\u00e9vision fran\u00e7aises. Notre paysage luxuriant compl\u00e8te l&rsquo;ambiance, avec des bananiers, des arbres fruitiers tropicaux, des gard\u00e9nias en fleurs et de grands palmiers qui se balancent. Dans ce paradis tropical, vous trouverez la paix et le plaisir.<\/p>\n<p style=\"text-align: justify;\">\n<p class=\"has-text-align-center\" style=\"text-align: center;\">Nos prix sont d\u00e9gressifs pour une location hebdomadaire et mensuelle (4 semaines). Profitez de tarifs avantageux et tr\u00e8s pratiques en basse saison.<\/p>\n<p class=\"has-text-align-center\" style=\"text-align: center;\">N&rsquo;h\u00e9sitez pas \u00e0 nous poser la question <a href=\"http:\/\/new.richardsmotelfamilyoflodgings.com\/divi\/fr\/contact\/\">ici<\/a><\/p>\n<\/p>\n<p>[\/et_pb_text][\/et_pb_column][\/et_pb_row][et_pb_row _builder_version=\u00a0\u00bb4.23.4&Prime; _module_preset=\u00a0\u00bbdefault\u00a0\u00bb global_colors_info=\u00a0\u00bb{}\u00a0\u00bb][et_pb_column type=\u00a0\u00bb4_4&Prime; _builder_version=\u00a0\u00bb4.23.4&Prime; _module_preset=\u00a0\u00bbdefault\u00a0\u00bb global_colors_info=\u00a0\u00bb{}\u00a0\u00bb][et_pb_post_slider include_categories=\u00a0\u00bb7&Prime; orderby=\u00a0\u00bbtitle_asc\u00a0\u00bb use_manual_excerpt=\u00a0\u00bboff\u00a0\u00bb show_meta=\u00a0\u00bboff\u00a0\u00bb bg_overlay_color=\u00a0\u00bbrgba(255,255,255,0.2)\u00a0\u00bb use_text_overlay=\u00a0\u00bboff\u00a0\u00bb show_image_video_mobile=\u00a0\u00bbon\u00a0\u00bb arrows_custom_color=\u00a0\u00bb#FFFFFF\u00a0\u00bb dot_nav_custom_color=\u00a0\u00bb#7fbf01&Prime; _builder_version=\u00a0\u00bb4.23.4&Prime; _module_preset=\u00a0\u00bbdefault\u00a0\u00bb header_font=\u00a0\u00bbABeeZee||||||||\u00a0\u00bb body_font=\u00a0\u00bbABeeZee||||||||\u00a0\u00bb custom_button=\u00a0\u00bbon\u00a0\u00bb button_border_color=\u00a0\u00bb#7fbf01&Prime; button_border_radius=\u00a0\u00bb25px\u00a0\u00bb button_letter_spacing=\u00a0\u00bb5px\u00a0\u00bb button_font=\u00a0\u00bbABeeZee||||||||\u00a0\u00bb button_use_icon=\u00a0\u00bboff\u00a0\u00bb button_custom_margin_tablet=\u00a0\u00bb\u00a0\u00bb button_custom_margin_phone=\u00a0\u00bb\u00a0\u00bb button_custom_margin_last_edited=\u00a0\u00bbon|phone\u00a0\u00bb button_custom_padding=\u00a0\u00bb0px|10px|0px|10px|false|false\u00a0\u00bb auto=\u00a0\u00bbon\u00a0\u00bb auto_speed=\u00a0\u00bb4000&Prime; button_border_width_tablet=\u00a0\u00bb\u00a0\u00bb button_border_width_phone=\u00a0\u00bb\u00a0\u00bb button_border_width_last_edited=\u00a0\u00bbon|desktop\u00a0\u00bb button_letter_spacing_tablet=\u00a0\u00bb2px\u00a0\u00bb button_letter_spacing_phone=\u00a0\u00bb2px\u00a0\u00bb button_letter_spacing_last_edited=\u00a0\u00bbon|phone\u00a0\u00bb box_shadow_style=\u00a0\u00bbpreset1&Prime; global_colors_info=\u00a0\u00bb{}\u00a0\u00bb][\/et_pb_post_slider][\/et_pb_column][\/et_pb_row][\/et_pb_section]<\/p>\n","protected":false},"excerpt":{"rendered":"<p>Toutes les chambres du Motel Le Richard&rsquo;s Motel propose des appartements d&rsquo;une ou deux chambres, des studios, des petites, des grandes et des tr\u00e8s grandes chambres d&rsquo;h\u00f4tel pouvant accueillir des personnes seules ou des familles. Nous vous proposons des chambres tr\u00e8s propres, une atmosph\u00e8re conviviale, une piscine chauff\u00e9e, des lave-linge et des s\u00e8che-linge, des distributeurs [&hellip;]<\/p>\n","protected":false},"author":1,"featured_media":0,"parent":0,"menu_order":0,"comment_status":"closed","ping_status":"closed","template":"","meta":{"_et_pb_use_builder":"on","_et_pb_old_content":"","_et_gb_content_width":"","_monsterinsights_skip_tracking":false,"_monsterinsights_sitenote_active":false,"_monsterinsights_sitenote_note":"","_monsterinsights_sitenote_category":0,"footnotes":""},"class_list":["post-1408","page","type-page","status-publish","hentry"],"yoast_head":"<!-- This site is optimized with the Yoast SEO plugin v27.3 - https:\/\/yoast.com\/product\/yoast-seo-wordpress\/ -->\n<title>Chambres - Richard&#039;s Motel<\/title>\n<meta name=\"robots\" content=\"index, follow, max-snippet:-1, max-image-preview:large, max-video-preview:-1\" \/>\n<link rel=\"canonical\" href=\"https:\/\/richardsmotelfamilyoflodgings.com\/mainlocation\/fr\/chambres\/\" \/>\n<meta property=\"og:locale\" content=\"fr_FR\" \/>\n<meta property=\"og:type\" content=\"article\" \/>\n<meta property=\"og:title\" content=\"Chambres - Richard&#039;s Motel\" \/>\n<meta property=\"og:description\" content=\"Toutes les chambres du Motel Le Richard&#039;s Motel propose des appartements d&#039;une ou deux chambres, des studios, des petites, des grandes et des tr\u00e8s grandes chambres d&#039;h\u00f4tel pouvant accueillir des personnes seules ou des familles. Nous vous proposons des chambres tr\u00e8s propres, une atmosph\u00e8re conviviale, une piscine chauff\u00e9e, des lave-linge et des s\u00e8che-linge, des distributeurs [&hellip;]\" \/>\n<meta property=\"og:url\" content=\"https:\/\/richardsmotelfamilyoflodgings.com\/mainlocation\/fr\/chambres\/\" \/>\n<meta property=\"og:site_name\" content=\"Richard&#039;s Motel\" \/>\n<meta property=\"article:publisher\" content=\"https:\/\/www.facebook.com\/FamilyofLodgingsHollywoodFlorida\/\" \/>\n<meta property=\"article:modified_time\" content=\"2024-02-13T09:06:07+00:00\" \/>\n<meta name=\"twitter:card\" content=\"summary_large_image\" \/>\n<meta name=\"twitter:label1\" content=\"Dur\u00e9e de lecture estim\u00e9e\" \/>\n\t<meta name=\"twitter:data1\" content=\"2 minutes\" \/>\n<script type=\"application\/ld+json\" class=\"yoast-schema-graph\">{\"@context\":\"https:\\\/\\\/schema.org\",\"@graph\":[{\"@type\":\"WebPage\",\"@id\":\"https:\\\/\\\/richardsmotelfamilyoflodgings.com\\\/mainlocation\\\/fr\\\/chambres\\\/\",\"url\":\"https:\\\/\\\/richardsmotelfamilyoflodgings.com\\\/mainlocation\\\/fr\\\/chambres\\\/\",\"name\":\"Chambres - Richard&#039;s Motel\",\"isPartOf\":{\"@id\":\"https:\\\/\\\/richardsmotelfamilyoflodgings.com\\\/mainlocation\\\/en\\\/#website\"},\"datePublished\":\"2023-11-26T17:58:02+00:00\",\"dateModified\":\"2024-02-13T09:06:07+00:00\",\"breadcrumb\":{\"@id\":\"https:\\\/\\\/richardsmotelfamilyoflodgings.com\\\/mainlocation\\\/fr\\\/chambres\\\/#breadcrumb\"},\"inLanguage\":\"fr-FR\",\"potentialAction\":[{\"@type\":\"ReadAction\",\"target\":[\"https:\\\/\\\/richardsmotelfamilyoflodgings.com\\\/mainlocation\\\/fr\\\/chambres\\\/\"]}]},{\"@type\":\"BreadcrumbList\",\"@id\":\"https:\\\/\\\/richardsmotelfamilyoflodgings.com\\\/mainlocation\\\/fr\\\/chambres\\\/#breadcrumb\",\"itemListElement\":[{\"@type\":\"ListItem\",\"position\":1,\"name\":\"Home\",\"item\":\"https:\\\/\\\/richardsmotelfamilyoflodgings.com\\\/mainlocation\\\/fr\\\/\"},{\"@type\":\"ListItem\",\"position\":2,\"name\":\"Chambres\"}]},{\"@type\":\"WebSite\",\"@id\":\"https:\\\/\\\/richardsmotelfamilyoflodgings.com\\\/mainlocation\\\/en\\\/#website\",\"url\":\"https:\\\/\\\/richardsmotelfamilyoflodgings.com\\\/mainlocation\\\/en\\\/\",\"name\":\"Richard's Motel\",\"description\":\"\",\"publisher\":{\"@id\":\"https:\\\/\\\/richardsmotelfamilyoflodgings.com\\\/mainlocation\\\/en\\\/#organization\"},\"potentialAction\":[{\"@type\":\"SearchAction\",\"target\":{\"@type\":\"EntryPoint\",\"urlTemplate\":\"https:\\\/\\\/richardsmotelfamilyoflodgings.com\\\/mainlocation\\\/en\\\/?s={search_term_string}\"},\"query-input\":{\"@type\":\"PropertyValueSpecification\",\"valueRequired\":true,\"valueName\":\"search_term_string\"}}],\"inLanguage\":\"fr-FR\"},{\"@type\":\"Organization\",\"@id\":\"https:\\\/\\\/richardsmotelfamilyoflodgings.com\\\/mainlocation\\\/en\\\/#organization\",\"name\":\"Richard's Motel\",\"url\":\"https:\\\/\\\/richardsmotelfamilyoflodgings.com\\\/mainlocation\\\/en\\\/\",\"logo\":{\"@type\":\"ImageObject\",\"inLanguage\":\"fr-FR\",\"@id\":\"https:\\\/\\\/richardsmotelfamilyoflodgings.com\\\/mainlocation\\\/en\\\/#\\\/schema\\\/logo\\\/image\\\/\",\"url\":\"https:\\\/\\\/richardsmotelfamilyoflodgings.com\\\/mainlocation\\\/wp-content\\\/uploads\\\/revslider\\\/slider-1\\\/Motel-slider.png\",\"contentUrl\":\"https:\\\/\\\/richardsmotelfamilyoflodgings.com\\\/mainlocation\\\/wp-content\\\/uploads\\\/revslider\\\/slider-1\\\/Motel-slider.png\",\"width\":300,\"height\":238,\"caption\":\"Richard's Motel\"},\"image\":{\"@id\":\"https:\\\/\\\/richardsmotelfamilyoflodgings.com\\\/mainlocation\\\/en\\\/#\\\/schema\\\/logo\\\/image\\\/\"},\"sameAs\":[\"https:\\\/\\\/www.facebook.com\\\/FamilyofLodgingsHollywoodFlorida\\\/\"]}]}<\/script>\n<!-- \/ Yoast SEO plugin. -->","yoast_head_json":{"title":"Chambres - Richard&#039;s Motel","robots":{"index":"index","follow":"follow","max-snippet":"max-snippet:-1","max-image-preview":"max-image-preview:large","max-video-preview":"max-video-preview:-1"},"canonical":"https:\/\/richardsmotelfamilyoflodgings.com\/mainlocation\/fr\/chambres\/","og_locale":"fr_FR","og_type":"article","og_title":"Chambres - Richard&#039;s Motel","og_description":"Toutes les chambres du Motel Le Richard's Motel propose des appartements d'une ou deux chambres, des studios, des petites, des grandes et des tr\u00e8s grandes chambres d'h\u00f4tel pouvant accueillir des personnes seules ou des familles. Nous vous proposons des chambres tr\u00e8s propres, une atmosph\u00e8re conviviale, une piscine chauff\u00e9e, des lave-linge et des s\u00e8che-linge, des distributeurs [&hellip;]","og_url":"https:\/\/richardsmotelfamilyoflodgings.com\/mainlocation\/fr\/chambres\/","og_site_name":"Richard&#039;s Motel","article_publisher":"https:\/\/www.facebook.com\/FamilyofLodgingsHollywoodFlorida\/","article_modified_time":"2024-02-13T09:06:07+00:00","twitter_card":"summary_large_image","twitter_misc":{"Dur\u00e9e de lecture estim\u00e9e":"2 minutes"},"schema":{"@context":"https:\/\/schema.org","@graph":[{"@type":"WebPage","@id":"https:\/\/richardsmotelfamilyoflodgings.com\/mainlocation\/fr\/chambres\/","url":"https:\/\/richardsmotelfamilyoflodgings.com\/mainlocation\/fr\/chambres\/","name":"Chambres - Richard&#039;s Motel","isPartOf":{"@id":"https:\/\/richardsmotelfamilyoflodgings.com\/mainlocation\/en\/#website"},"datePublished":"2023-11-26T17:58:02+00:00","dateModified":"2024-02-13T09:06:07+00:00","breadcrumb":{"@id":"https:\/\/richardsmotelfamilyoflodgings.com\/mainlocation\/fr\/chambres\/#breadcrumb"},"inLanguage":"fr-FR","potentialAction":[{"@type":"ReadAction","target":["https:\/\/richardsmotelfamilyoflodgings.com\/mainlocation\/fr\/chambres\/"]}]},{"@type":"BreadcrumbList","@id":"https:\/\/richardsmotelfamilyoflodgings.com\/mainlocation\/fr\/chambres\/#breadcrumb","itemListElement":[{"@type":"ListItem","position":1,"name":"Home","item":"https:\/\/richardsmotelfamilyoflodgings.com\/mainlocation\/fr\/"},{"@type":"ListItem","position":2,"name":"Chambres"}]},{"@type":"WebSite","@id":"https:\/\/richardsmotelfamilyoflodgings.com\/mainlocation\/en\/#website","url":"https:\/\/richardsmotelfamilyoflodgings.com\/mainlocation\/en\/","name":"Richard's Motel","description":"","publisher":{"@id":"https:\/\/richardsmotelfamilyoflodgings.com\/mainlocation\/en\/#organization"},"potentialAction":[{"@type":"SearchAction","target":{"@type":"EntryPoint","urlTemplate":"https:\/\/richardsmotelfamilyoflodgings.com\/mainlocation\/en\/?s={search_term_string}"},"query-input":{"@type":"PropertyValueSpecification","valueRequired":true,"valueName":"search_term_string"}}],"inLanguage":"fr-FR"},{"@type":"Organization","@id":"https:\/\/richardsmotelfamilyoflodgings.com\/mainlocation\/en\/#organization","name":"Richard's Motel","url":"https:\/\/richardsmotelfamilyoflodgings.com\/mainlocation\/en\/","logo":{"@type":"ImageObject","inLanguage":"fr-FR","@id":"https:\/\/richardsmotelfamilyoflodgings.com\/mainlocation\/en\/#\/schema\/logo\/image\/","url":"https:\/\/richardsmotelfamilyoflodgings.com\/mainlocation\/wp-content\/uploads\/revslider\/slider-1\/Motel-slider.png","contentUrl":"https:\/\/richardsmotelfamilyoflodgings.com\/mainlocation\/wp-content\/uploads\/revslider\/slider-1\/Motel-slider.png","width":300,"height":238,"caption":"Richard's Motel"},"image":{"@id":"https:\/\/richardsmotelfamilyoflodgings.com\/mainlocation\/en\/#\/schema\/logo\/image\/"},"sameAs":["https:\/\/www.facebook.com\/FamilyofLodgingsHollywoodFlorida\/"]}]}},"_links":{"self":[{"href":"https:\/\/richardsmotelfamilyoflodgings.com\/mainlocation\/fr\/wp-json\/wp\/v2\/pages\/1408","targetHints":{"allow":["GET"]}}],"collection":[{"href":"https:\/\/richardsmotelfamilyoflodgings.com\/mainlocation\/fr\/wp-json\/wp\/v2\/pages"}],"about":[{"href":"https:\/\/richardsmotelfamilyoflodgings.com\/mainlocation\/fr\/wp-json\/wp\/v2\/types\/page"}],"author":[{"embeddable":true,"href":"https:\/\/richardsmotelfamilyoflodgings.com\/mainlocation\/fr\/wp-json\/wp\/v2\/users\/1"}],"replies":[{"embeddable":true,"href":"https:\/\/richardsmotelfamilyoflodgings.com\/mainlocation\/fr\/wp-json\/wp\/v2\/comments?post=1408"}],"version-history":[{"count":6,"href":"https:\/\/richardsmotelfamilyoflodgings.com\/mainlocation\/fr\/wp-json\/wp\/v2\/pages\/1408\/revisions"}],"predecessor-version":[{"id":1758,"href":"https:\/\/richardsmotelfamilyoflodgings.com\/mainlocation\/fr\/wp-json\/wp\/v2\/pages\/1408\/revisions\/1758"}],"wp:attachment":[{"href":"https:\/\/richardsmotelfamilyoflodgings.com\/mainlocation\/fr\/wp-json\/wp\/v2\/media?parent=1408"}],"curies":[{"name":"wp","href":"https:\/\/api.w.org\/{rel}","templated":true}]}}