{"id":1518,"date":"2023-11-26T17:55:25","date_gmt":"2023-11-26T17:55:25","guid":{"rendered":"http:\/\/new.richardsmotelfamilyoflodgings.com\/divi\/a-propos-du-richards-motel\/"},"modified":"2024-02-18T08:45:48","modified_gmt":"2024-02-18T08:45:48","slug":"a-propos-du-richards-motel","status":"publish","type":"page","link":"https:\/\/richardsmotelfamilyoflodgings.com\/mainlocation\/fr\/a-propos-du-richards-motel\/","title":{"rendered":"\u00c0 propos de nous &#8211; R\u00e9ductions &#8211; Politiques"},"content":{"rendered":"<p>[et_pb_section fb_built=\u00a0\u00bb1&Prime; _builder_version=\u00a0\u00bb4.23.1&Prime; _module_preset=\u00a0\u00bbdefault\u00a0\u00bb global_colors_info=\u00a0\u00bb{}\u00a0\u00bb][et_pb_row _builder_version=\u00a0\u00bb4.24.0&Prime; _module_preset=\u00a0\u00bbdefault\u00a0\u00bb custom_margin=\u00a0\u00bb40px||||false|false\u00a0\u00bb global_colors_info=\u00a0\u00bb{}\u00a0\u00bb][et_pb_column type=\u00a0\u00bb4_4&Prime; _builder_version=\u00a0\u00bb4.23.1&Prime; _module_preset=\u00a0\u00bbdefault\u00a0\u00bb global_colors_info=\u00a0\u00bb{}\u00a0\u00bb][et_pb_text _builder_version=\u00a0\u00bb4.24.0&Prime; _module_preset=\u00a0\u00bbdefault\u00a0\u00bb header_3_font=\u00a0\u00bbABeeZee||||||||\u00a0\u00bb header_3_text_color=\u00a0\u00bb#7fbf00&Prime; global_colors_info=\u00a0\u00bb{}\u00a0\u00bb]<\/p>\n<h3 style=\"text-align: justify;\">\u00c0 propos du Richard&rsquo;s Motel<\/h3>\n<p>&nbsp;<\/p>\n<p>&nbsp;<\/p>\n<p style=\"text-align: justify;\"><em><strong>L\u2019aventure Richard\u2019s Motel d\u00e9bute le 10 mai 1990.<\/strong><\/em><\/p>\n<p style=\"text-align: justify;\"><em><strong><\/strong><\/em><\/p>\n<p style=\"text-align: justify;\">Depuis plus de 30 ans, nous n\u2019avons jamais cess\u00e9 d\u2019am\u00e9liorer nos unit\u00e9s d\u2019h\u00e9bergement en respect de notre mod\u00e8le d&rsquo;affaires (\u00e9conomique).\u00a0<\/p>\n<p style=\"text-align: justify;\">Il vous est possible, en fonction de votre budget, d\u2019opter pour une unit\u00e9 individuelle ou familiale, avec ou sans chambre(s) \u00e0 coucher ind\u00e9pendante(s) du salon. Studio, large studio, chambre hotel\/motel standard, 3 1\/2, 4 1\/2, maison. Tout est propos\u00e9 en demeurant dans un cadre \u00e9conomique\u00a0et \u00e0 distance de marcvhe\u00a0de presque tous les services. \u00a0 \u00a0<\/p>\n<p style=\"text-align: justify;\">Propret\u00e9, convivialit\u00e9, atmosph\u00e8re familiale, am\u00e9nagements\/paysagements tropicaux, piscines (certaines chauff\u00e9es), laveuses\/s\u00e9cheuses, aires communes, wifi, ne sont qu\u2019une partie des services dont nous disposons et dont nous faisons profiter nos clients et amis. BBQ (communs) sur les terrasses, t\u00e9l\u00e9vision par c\u00e2ble avec quelques cha\u00eenes en fran\u00e7ais* dans les chambres s\u2019ajoutent aux \u00e9l\u00e9ments qui distinguent le Richard\u2019s Motel. Oasis de d\u00e9tente sous les palmiers, ou sous forme de gaz\u00e9bo\/balan\u00e7oires dans un lieu toujours sans pr\u00e9tention pour monsieur et madame tout le monde&#8230;\u00a0<\/p>\n<p style=\"text-align: justify;\">G\u00e9ographiquement bien situ\u00e9 au c\u0153ur du sud-est de la Floride, \u00e0 proximit\u00e9 des c\u00e9l\u00e8bres casinos, plages, ports de croisi\u00e8re, a\u00e9roports, restaurants, caf\u00e9s, cin\u00e9mas, bo\u00eetes de nuit et centres commerciaux renomm\u00e9s. Nos unit\u00e9s sont mises \u00e0 votre disposition pour vous offrir au mieux que possible un s\u00e9jour m\u00e9morable \u00e0 l\u2019image du climat qui caract\u00e9rise notre r\u00e9gion. Laissez-nous le privil\u00e8ge de vous faire go\u00fbter \u00e0 notre hospitalit\u00e9 et au confort de nos nombreuses unit\u00e9s d\u2019h\u00e9bergement.<\/p>\n<p style=\"text-align: justify;\">\n<p style=\"text-align: justify;\">*T\u00e9l\u00e9 en fran\u00e7ais &#8211; veuillez consulter la partie plus bas qui concerne le service de t\u00e9l\u00e9 en fran\u00e7ais. Essentiellement, il faut retenir qu&rsquo;il n&rsquo;y a plus de service par antenne. Le service disponible peut \u00eatre interrompu \u00e0 tout moment car li\u00e9 directement au wifi. Il n\u00e9cessite un red\u00e9marrage (souvent manuel) qui n&rsquo;est pas instantan\u00e9. Merci de votre compr\u00e9hension.\u00a0<\/p>\n<p>[\/et_pb_text][\/et_pb_column][\/et_pb_row][et_pb_row _builder_version=\u00a0\u00bb4.24.0&Prime; _module_preset=\u00a0\u00bbdefault\u00a0\u00bb custom_margin=\u00a0\u00bb40px||||false|false\u00a0\u00bb global_colors_info=\u00a0\u00bb{}\u00a0\u00bb][et_pb_column type=\u00a0\u00bb4_4&Prime; _builder_version=\u00a0\u00bb4.23.1&Prime; _module_preset=\u00a0\u00bbdefault\u00a0\u00bb global_colors_info=\u00a0\u00bb{}\u00a0\u00bb][et_pb_text _builder_version=\u00a0\u00bb4.24.0&Prime; _module_preset=\u00a0\u00bbdefault\u00a0\u00bb header_3_font=\u00a0\u00bbABeeZee||||||||\u00a0\u00bb header_3_text_color=\u00a0\u00bb#7fbf00&Prime; global_colors_info=\u00a0\u00bb{}\u00a0\u00bb]<\/p>\n<h3>Rabais<\/h3>\n<p>&nbsp;<\/p>\n<ul>\n<li><strong>Rabais de derni\u00e8re minute<\/strong><\/li>\n<\/ul>\n<p>Disponible pour ceux qui se pr\u00e9sentent sans r\u00e9servation (ce qui n&rsquo;est pas le sc\u00e9nario\u00a0id\u00e9al en termes de choix)\u00a0<\/p>\n<p>Ne prenez pas la chance de voir un \u201cNO VACANCY\u201d ce jour-l\u00e0 !<\/p>\n<ul>\n<li><strong>Rabais pour les longs s\u00e9jours..<\/strong><\/li>\n<\/ul>\n<p><span>Si vous pr\u00e9voyez un long s\u00e9jour chez-nous, veuillez contacter notre service de r\u00e9servations pour obtenir un tarif sp\u00e9cial. Toujours 15% de rabais pour un s\u00e9jour d&rsquo;hiver lorsque r\u00e9serv\u00e9 AVANT le 31 octobre pr\u00e9c\u00e9dant. \u00a0<\/span><\/p>\n<ul>\n<li><strong>Le d\u00e9neigement est gratuit. <\/strong><\/li>\n<\/ul>\n<p>Lorsque vous s\u00e9journez chez-nous, votre voiture ne se retrouve jamais ensevelie sous la neige.\u00a0<\/p>\n<p><em>*Tous les rabais ne peuvent pas \u00eatre combin\u00e9s. Appelez-nous pour plus d&rsquo;informations. Les rabais sont applicables au Richard&rsquo;s Motel, au Richard&rsquo;s Motel Studios, au Richard&rsquo;s Motel Extended Stay, au Richard&rsquo;s Motel Courtyard et au Richard&rsquo;s Pet Friendly Motel.<\/em><\/p>\n<p>[\/et_pb_text][\/et_pb_column][\/et_pb_row][et_pb_row _builder_version=\u00a0\u00bb4.24.0&Prime; _module_preset=\u00a0\u00bbdefault\u00a0\u00bb custom_margin=\u00a0\u00bb40px||||false|false\u00a0\u00bb global_colors_info=\u00a0\u00bb{}\u00a0\u00bb][et_pb_column type=\u00a0\u00bb4_4&Prime; _builder_version=\u00a0\u00bb4.23.1&Prime; _module_preset=\u00a0\u00bbdefault\u00a0\u00bb global_colors_info=\u00a0\u00bb{}\u00a0\u00bb][et_pb_text _builder_version=\u00a0\u00bb4.24.0&Prime; _module_preset=\u00a0\u00bbdefault\u00a0\u00bb header_3_font=\u00a0\u00bbABeeZee||||||||\u00a0\u00bb header_3_text_color=\u00a0\u00bb#7fbf00&Prime; global_colors_info=\u00a0\u00bb{}\u00a0\u00bb]<\/p>\n<p><strong><\/strong><\/p>\n<h3>S\u00fbret\u00e9 et s\u00e9curit\u00e9<\/h3>\n<p>&nbsp;<\/p>\n<p><strong><\/strong><\/p>\n<p><strong>Pour votre s\u00e9curit\u00e9, notre propri\u00e9t\u00e9 offre les caract\u00e9ristiques suivantes :<\/strong><strong><\/strong><\/p>\n<p>Double verrouillage<br \/>Cam\u00e9ras de surveillance*<br \/>Gestionnaire en service 24 heures sur 24<br \/>Pour votre s\u00e9curit\u00e9 personnelle, veuillez lire ce qui suit<br \/>Ne pas admettre une personne inconnue (sans consentement)<br \/>Gardez vos cl\u00e9s en s\u00e9curit\u00e9<br \/>Ne pas laisser les enfants sans surveillance dans la pi\u00e8ce<br \/>Ne pas laisser les fen\u00eatres ouvertes pendant la nuit<br \/>Ne pas courir dans l\u2019enceinte de l\u2019\u00e9tablissement, en particulier \u00e0 la piscine<\/p>\n<h3 style=\"text-align: justify;\"><\/h3>\n<h3 style=\"text-align: justify;\"><\/h3>\n<p style=\"text-align: justify;\"><strong>Informations g\u00e9n\u00e9rales sur la s\u00e9curit\u00e9<\/strong><\/p>\n<p>Aucun sauveteur n\u2019est pr\u00e9sent \u00e0 la piscine (voir le r\u00e8glement de la piscine).<\/p>\n<p style=\"text-align: justify;\">Pendant que vous profitez de votre s\u00e9jour chez Richard\u2019s, de nos services, de la plage, nous voulons que vous vous sentiez \u00ab\u00a0comme \u00e0 la maison\u00a0\u00bb. Malgr\u00e9 l\u2019attention que notre personnel porte \u00e0 nos clients et amis pour assurer leur s\u00e9curit\u00e9, l&rsquo;art\u00e8re (route) principale nomm\u00e9e US-1 (ou South Federal Highway) en face, voit environ 50 000 v\u00e9hicules passer chaque jour. Il s&rsquo;agit d&rsquo;une des routes les plus fr\u00e9quent\u00e9es, elle traverse tout l\u2019\u00c9tat de la Floride. Nous devons \u00eatre conscients de notre environnement, de jour comme de nuit. Vous devez notamment fermer la porte de votre chambre \u00e0 cl\u00e9 en permanence, vous assurer que tous les objets de valeur sont cach\u00e9s, id\u00e9alement ne sont pas les apporter avec vous \u00e0 la piscine et sur les patios. Verrouillez les fen\u00eatres, en utilisant la serrure sup\u00e9rieure lorsque vous quittez la chambre pour une dur\u00e9e un peu plus longue. Ne pas ouvrir la porte de votre unit\u00e9 \u00e0 qui que ce soit, vous pouvez parler \u00e0 l&rsquo;interlocuteur sans ouvrir (valider la cr\u00e9dibilit\u00e9). Au pire, ignorer la personne.<\/p>\n<p style=\"text-align: justify;\">Coffres-forts dans les chambres : pour assurer la s\u00e9curit\u00e9 de nos invit\u00e9s et de leurs objets de valeur, nous avons install\u00e9 des coffres-forts dans les chambres dans la plupart des unit\u00e9s (pas toutes).<\/p>\n<p style=\"text-align: justify;\">En ce qui concerne le stationnement, nous avons install\u00e9 un \u00e9clairage ad\u00e9quat et un syst\u00e8me de surveillance vid\u00e9o. Toutefois, pour \u00e9viter tout probl\u00e8me, veuillez toujours verrouiller les portes de votre voiture et ne pas laisser d\u2019objets de valeur \u00e0 la vue de tous (dans votre v\u00e9hicule). Remarque : le service des pompiers et le service de police se trouvent \u00e0 moins d\u2019un kilom\u00e8tre de nos propri\u00e9t\u00e9s. Les services arrivent tr\u00e8s rapidement, ne soyez pas inquiets.<\/p>\n<p style=\"text-align: justify;\">Nous mettons tout en \u0153uvre pour assurer la s\u00e9curit\u00e9 des lieux 24\/7, notre personnel professionnel (jour-nuit) se consacre en permanence \u00e0 votre s\u00e9curit\u00e9 et interviendra rapidement en cas de probl\u00e8me. Si vous avez des questions ou des pr\u00e9occupations en mati\u00e8re de s\u00e9curit\u00e9, vous pouvez contacter notre r\u00e9ception, 24 heures sur 24, au<span>\u00a0<\/span><a href=\"tel:(954)%20921-6418\" target=\"_blank\" rel=\"noopener\">(954) 921-6418<\/a>.<\/p>\n<p style=\"text-align: justify;\">\n<p>[\/et_pb_text][\/et_pb_column][\/et_pb_row][et_pb_row _builder_version=\u00a0\u00bb4.24.0&Prime; _module_preset=\u00a0\u00bbdefault\u00a0\u00bb custom_margin=\u00a0\u00bb40px||||false|false\u00a0\u00bb global_colors_info=\u00a0\u00bb{}\u00a0\u00bb][et_pb_column type=\u00a0\u00bb4_4&Prime; _builder_version=\u00a0\u00bb4.23.1&Prime; _module_preset=\u00a0\u00bbdefault\u00a0\u00bb global_colors_info=\u00a0\u00bb{}\u00a0\u00bb][et_pb_text _builder_version=\u00a0\u00bb4.24.0&Prime; _module_preset=\u00a0\u00bbdefault\u00a0\u00bb header_3_font=\u00a0\u00bbABeeZee||||||||\u00a0\u00bb header_3_text_color=\u00a0\u00bb#7fbf00&Prime; global_colors_info=\u00a0\u00bb{}\u00a0\u00bb]<\/p>\n<h3>Politique de nettoyage<\/h3>\n<p>&nbsp;<\/p>\n<p><strong><u>Vous payez le tarif journalier :<\/u><\/strong><br \/>Vous b\u00e9n\u00e9ficiez d&rsquo;un service d&rsquo;\u00e9tage quotidien.<\/p>\n<p><strong><u>Vous payez le tarif hebdomadaire :<\/u><\/strong><br \/>Vous b\u00e9n\u00e9ficiez d&rsquo;un service de chambre hebdomadaire (une fois par semaine).<\/p>\n<p>*Un grand service\/nettoyage est fourni une fois par semaine seulement avec le changement des draps. Les serviettes, le papier hygi\u00e9nique et le petit savon ne seront fournis que sur demande entre 9 heures et 16 heures. Une inspection quotidienne des chambres peut \u00eatre effectu\u00e9e et la climatisation doit \u00eatre et sera \u00e9teinte lorsque personne ne se trouve dans la chambre.<\/p>\n<p>Si n\u00e9cessaire, un petit balai, une serpilli\u00e8re et des produits de nettoyage de base seront fournis sur demande.<\/p>\n<p>&nbsp;<\/p>\n<p>[\/et_pb_text][et_pb_text _builder_version=\u00a0\u00bb4.24.0&Prime; _module_preset=\u00a0\u00bbdefault\u00a0\u00bb header_3_font=\u00a0\u00bbABeeZee||||||||\u00a0\u00bb header_3_text_color=\u00a0\u00bb#7fbf00&Prime; global_colors_info=\u00a0\u00bb{}\u00a0\u00bb]<\/p>\n<p style=\"text-align: justify;\">\n<p style=\"text-align: justify;\">\n<p style=\"text-align: justify;\">\n<p style=\"text-align: justify;\"><strong>*T\u00c9L\u00c9VISION EN FRAN\u00c7AIS \/ Service alternatif (temporaire) offert<\/strong><\/p>\n<p style=\"text-align: justify;\">La volont\u00e9 de la direction est de continuer \u00e0 offrir \u00e0 sa client\u00e8le qu\u00e9b\u00e9coise le service de t\u00e9l\u00e9vision en fran\u00e7ais. Les efforts sont multipli\u00e9s en ce sens, mais la<br \/>technologie n\u2019est plus \u00e0 la hauteur des attentes, et les r\u00e9sultats se traduisent par de grandes variations au niveau de la r\u00e9ception. En un mot, les diff\u00e9rents<br \/>canaux en fran\u00e7ais peuvent fonctionner par intermittence ou ne peuvent tout simplement pas \u00eatre syntonis\u00e9s en tout temps.<br \/>Il est important de retenir que dans ces conditions, la direction ne peut se rendre responsable des variations et ou interruptions des canaux en fran\u00e7ais. Nous<br \/>demandons \u00e0 notre client\u00e8le qu\u00e9b\u00e9coise son indulgence face \u00e0 ce ph\u00e9nom\u00e8ne.<\/p>\n<p style=\"text-align: justify;\">Ce qui importe pour nous, c&rsquo;est de faire de notre mieux dans les circonstances et d\u00e9ployer le maximum d&rsquo;effort\u00a0possible.<\/p>\n<p style=\"text-align: justify;\">Les francophones du Qu\u00e9bec viennent en Floride d&rsquo;abord pour le climat, le soleil, la plage, les activit\u00e9s, les excursions, tant mieux s&rsquo;il est possible \u00ab\u00a0partiellement\u00a0\u00bb de visionner quelques \u00e9missions.<\/p>\n<p style=\"text-align: justify;\"><strong>SI INTERRUPTION<\/strong><\/p>\n<p style=\"text-align: justify;\">En cas d\u2019interruption ou arr\u00eat d&rsquo;un ou des canaux, vous pouvez nous le signifier, (en tout RESPECT), et nous verrons \u00e0 faire le n\u00e9cessaire pour remettre les canaux en fonction. Nos espoirs se fondent \u00e0 travers les avanc\u00e9s de la technologie qui vous permettra un jour chers clients, de vous servir de vos t\u00e9l\u00e9phones intelligents et vous rendre autonomes pour l\u2019acc\u00e8s au contenu qui sera diffus\u00e9 dans vos chambres (&amp; apparts), tout comme le font maintenant la plupart de nos clients am\u00e9ricains, qui diffusent simplement (en \u00ab\u00a0effet miroir\u00a0\u00bb) leur t\u00e9l\u00e9phone dans les t\u00e9l\u00e9viseurs de chaque unit\u00e9.<br \/>La meilleure fa\u00e7on de vous assurer de visionner vos \u00e9missions qu\u00e9b\u00e9coises en diff\u00e9r\u00e9, est de v\u00e9rifier aupr\u00e8s de votre cablo-distributeur du Qu\u00e9bec AVANT votre arriv\u00e9e, la fa\u00e7on de visionner sur votre tablette les Tou.tv et autres de ce monde.<\/p>\n<p style=\"text-align: justify;\"><em>Merci de votre indulgence&#8230;\u00a0<\/em><\/p>\n<p>[\/et_pb_text][\/et_pb_column][\/et_pb_row][\/et_pb_section]<\/p>\n","protected":false},"excerpt":{"rendered":"<p>\u00c0 propos du Richard&rsquo;s Motel &nbsp; &nbsp; L\u2019aventure Richard\u2019s Motel d\u00e9bute le 10 mai 1990. Depuis plus de 30 ans, nous n\u2019avons jamais cess\u00e9 d\u2019am\u00e9liorer nos unit\u00e9s d\u2019h\u00e9bergement en respect de notre mod\u00e8le d&rsquo;affaires (\u00e9conomique).\u00a0 Il vous est possible, en fonction de votre budget, d\u2019opter pour une unit\u00e9 individuelle ou familiale, avec ou sans chambre(s) [&hellip;]<\/p>\n","protected":false},"author":1,"featured_media":0,"parent":0,"menu_order":0,"comment_status":"closed","ping_status":"closed","template":"","meta":{"_et_pb_use_builder":"on","_et_pb_old_content":"","_et_gb_content_width":"","_monsterinsights_skip_tracking":false,"_monsterinsights_sitenote_active":false,"_monsterinsights_sitenote_note":"","_monsterinsights_sitenote_category":0,"footnotes":""},"class_list":["post-1518","page","type-page","status-publish","hentry"],"yoast_head":"<!-- This site is optimized with the Yoast SEO plugin v27.3 - https:\/\/yoast.com\/product\/yoast-seo-wordpress\/ -->\n<title>\u00c0 propos de nous - R\u00e9ductions - Politiques - Richard&#039;s Motel<\/title>\n<meta name=\"robots\" content=\"index, follow, max-snippet:-1, max-image-preview:large, max-video-preview:-1\" \/>\n<link rel=\"canonical\" href=\"https:\/\/richardsmotelfamilyoflodgings.com\/mainlocation\/fr\/a-propos-du-richards-motel\/\" \/>\n<meta property=\"og:locale\" content=\"fr_FR\" \/>\n<meta property=\"og:type\" content=\"article\" \/>\n<meta property=\"og:title\" content=\"\u00c0 propos de nous - R\u00e9ductions - Politiques - Richard&#039;s Motel\" \/>\n<meta property=\"og:description\" content=\"\u00c0 propos du Richard&#039;s Motel &nbsp; &nbsp; L\u2019aventure Richard\u2019s Motel d\u00e9bute le 10 mai 1990. Depuis plus de 30 ans, nous n\u2019avons jamais cess\u00e9 d\u2019am\u00e9liorer nos unit\u00e9s d\u2019h\u00e9bergement en respect de notre mod\u00e8le d&#039;affaires (\u00e9conomique).\u00a0 Il vous est possible, en fonction de votre budget, d\u2019opter pour une unit\u00e9 individuelle ou familiale, avec ou sans chambre(s) [&hellip;]\" \/>\n<meta property=\"og:url\" content=\"https:\/\/richardsmotelfamilyoflodgings.com\/mainlocation\/fr\/a-propos-du-richards-motel\/\" \/>\n<meta property=\"og:site_name\" content=\"Richard&#039;s Motel\" \/>\n<meta property=\"article:publisher\" content=\"https:\/\/www.facebook.com\/FamilyofLodgingsHollywoodFlorida\/\" \/>\n<meta property=\"article:modified_time\" content=\"2024-02-18T08:45:48+00:00\" \/>\n<meta name=\"twitter:card\" content=\"summary_large_image\" \/>\n<meta name=\"twitter:label1\" content=\"Dur\u00e9e de lecture estim\u00e9e\" \/>\n\t<meta name=\"twitter:data1\" content=\"8 minutes\" \/>\n<script type=\"application\/ld+json\" class=\"yoast-schema-graph\">{\"@context\":\"https:\\\/\\\/schema.org\",\"@graph\":[{\"@type\":\"WebPage\",\"@id\":\"https:\\\/\\\/richardsmotelfamilyoflodgings.com\\\/mainlocation\\\/fr\\\/a-propos-du-richards-motel\\\/\",\"url\":\"https:\\\/\\\/richardsmotelfamilyoflodgings.com\\\/mainlocation\\\/fr\\\/a-propos-du-richards-motel\\\/\",\"name\":\"\u00c0 propos de nous - R\u00e9ductions - Politiques - Richard&#039;s Motel\",\"isPartOf\":{\"@id\":\"https:\\\/\\\/richardsmotelfamilyoflodgings.com\\\/mainlocation\\\/en\\\/#website\"},\"datePublished\":\"2023-11-26T17:55:25+00:00\",\"dateModified\":\"2024-02-18T08:45:48+00:00\",\"breadcrumb\":{\"@id\":\"https:\\\/\\\/richardsmotelfamilyoflodgings.com\\\/mainlocation\\\/fr\\\/a-propos-du-richards-motel\\\/#breadcrumb\"},\"inLanguage\":\"fr-FR\",\"potentialAction\":[{\"@type\":\"ReadAction\",\"target\":[\"https:\\\/\\\/richardsmotelfamilyoflodgings.com\\\/mainlocation\\\/fr\\\/a-propos-du-richards-motel\\\/\"]}]},{\"@type\":\"BreadcrumbList\",\"@id\":\"https:\\\/\\\/richardsmotelfamilyoflodgings.com\\\/mainlocation\\\/fr\\\/a-propos-du-richards-motel\\\/#breadcrumb\",\"itemListElement\":[{\"@type\":\"ListItem\",\"position\":1,\"name\":\"Home\",\"item\":\"https:\\\/\\\/richardsmotelfamilyoflodgings.com\\\/mainlocation\\\/fr\\\/\"},{\"@type\":\"ListItem\",\"position\":2,\"name\":\"\u00c0 propos de nous &#8211; R\u00e9ductions &#8211; Politiques\"}]},{\"@type\":\"WebSite\",\"@id\":\"https:\\\/\\\/richardsmotelfamilyoflodgings.com\\\/mainlocation\\\/en\\\/#website\",\"url\":\"https:\\\/\\\/richardsmotelfamilyoflodgings.com\\\/mainlocation\\\/en\\\/\",\"name\":\"Richard's Motel\",\"description\":\"\",\"publisher\":{\"@id\":\"https:\\\/\\\/richardsmotelfamilyoflodgings.com\\\/mainlocation\\\/en\\\/#organization\"},\"potentialAction\":[{\"@type\":\"SearchAction\",\"target\":{\"@type\":\"EntryPoint\",\"urlTemplate\":\"https:\\\/\\\/richardsmotelfamilyoflodgings.com\\\/mainlocation\\\/en\\\/?s={search_term_string}\"},\"query-input\":{\"@type\":\"PropertyValueSpecification\",\"valueRequired\":true,\"valueName\":\"search_term_string\"}}],\"inLanguage\":\"fr-FR\"},{\"@type\":\"Organization\",\"@id\":\"https:\\\/\\\/richardsmotelfamilyoflodgings.com\\\/mainlocation\\\/en\\\/#organization\",\"name\":\"Richard's Motel\",\"url\":\"https:\\\/\\\/richardsmotelfamilyoflodgings.com\\\/mainlocation\\\/en\\\/\",\"logo\":{\"@type\":\"ImageObject\",\"inLanguage\":\"fr-FR\",\"@id\":\"https:\\\/\\\/richardsmotelfamilyoflodgings.com\\\/mainlocation\\\/en\\\/#\\\/schema\\\/logo\\\/image\\\/\",\"url\":\"https:\\\/\\\/richardsmotelfamilyoflodgings.com\\\/mainlocation\\\/wp-content\\\/uploads\\\/revslider\\\/slider-1\\\/Motel-slider.png\",\"contentUrl\":\"https:\\\/\\\/richardsmotelfamilyoflodgings.com\\\/mainlocation\\\/wp-content\\\/uploads\\\/revslider\\\/slider-1\\\/Motel-slider.png\",\"width\":300,\"height\":238,\"caption\":\"Richard's Motel\"},\"image\":{\"@id\":\"https:\\\/\\\/richardsmotelfamilyoflodgings.com\\\/mainlocation\\\/en\\\/#\\\/schema\\\/logo\\\/image\\\/\"},\"sameAs\":[\"https:\\\/\\\/www.facebook.com\\\/FamilyofLodgingsHollywoodFlorida\\\/\"]}]}<\/script>\n<!-- \/ Yoast SEO plugin. -->","yoast_head_json":{"title":"\u00c0 propos de nous - R\u00e9ductions - Politiques - Richard&#039;s Motel","robots":{"index":"index","follow":"follow","max-snippet":"max-snippet:-1","max-image-preview":"max-image-preview:large","max-video-preview":"max-video-preview:-1"},"canonical":"https:\/\/richardsmotelfamilyoflodgings.com\/mainlocation\/fr\/a-propos-du-richards-motel\/","og_locale":"fr_FR","og_type":"article","og_title":"\u00c0 propos de nous - R\u00e9ductions - Politiques - Richard&#039;s Motel","og_description":"\u00c0 propos du Richard's Motel &nbsp; &nbsp; L\u2019aventure Richard\u2019s Motel d\u00e9bute le 10 mai 1990. Depuis plus de 30 ans, nous n\u2019avons jamais cess\u00e9 d\u2019am\u00e9liorer nos unit\u00e9s d\u2019h\u00e9bergement en respect de notre mod\u00e8le d'affaires (\u00e9conomique).\u00a0 Il vous est possible, en fonction de votre budget, d\u2019opter pour une unit\u00e9 individuelle ou familiale, avec ou sans chambre(s) [&hellip;]","og_url":"https:\/\/richardsmotelfamilyoflodgings.com\/mainlocation\/fr\/a-propos-du-richards-motel\/","og_site_name":"Richard&#039;s Motel","article_publisher":"https:\/\/www.facebook.com\/FamilyofLodgingsHollywoodFlorida\/","article_modified_time":"2024-02-18T08:45:48+00:00","twitter_card":"summary_large_image","twitter_misc":{"Dur\u00e9e de lecture estim\u00e9e":"8 minutes"},"schema":{"@context":"https:\/\/schema.org","@graph":[{"@type":"WebPage","@id":"https:\/\/richardsmotelfamilyoflodgings.com\/mainlocation\/fr\/a-propos-du-richards-motel\/","url":"https:\/\/richardsmotelfamilyoflodgings.com\/mainlocation\/fr\/a-propos-du-richards-motel\/","name":"\u00c0 propos de nous - R\u00e9ductions - Politiques - Richard&#039;s Motel","isPartOf":{"@id":"https:\/\/richardsmotelfamilyoflodgings.com\/mainlocation\/en\/#website"},"datePublished":"2023-11-26T17:55:25+00:00","dateModified":"2024-02-18T08:45:48+00:00","breadcrumb":{"@id":"https:\/\/richardsmotelfamilyoflodgings.com\/mainlocation\/fr\/a-propos-du-richards-motel\/#breadcrumb"},"inLanguage":"fr-FR","potentialAction":[{"@type":"ReadAction","target":["https:\/\/richardsmotelfamilyoflodgings.com\/mainlocation\/fr\/a-propos-du-richards-motel\/"]}]},{"@type":"BreadcrumbList","@id":"https:\/\/richardsmotelfamilyoflodgings.com\/mainlocation\/fr\/a-propos-du-richards-motel\/#breadcrumb","itemListElement":[{"@type":"ListItem","position":1,"name":"Home","item":"https:\/\/richardsmotelfamilyoflodgings.com\/mainlocation\/fr\/"},{"@type":"ListItem","position":2,"name":"\u00c0 propos de nous &#8211; R\u00e9ductions &#8211; Politiques"}]},{"@type":"WebSite","@id":"https:\/\/richardsmotelfamilyoflodgings.com\/mainlocation\/en\/#website","url":"https:\/\/richardsmotelfamilyoflodgings.com\/mainlocation\/en\/","name":"Richard's Motel","description":"","publisher":{"@id":"https:\/\/richardsmotelfamilyoflodgings.com\/mainlocation\/en\/#organization"},"potentialAction":[{"@type":"SearchAction","target":{"@type":"EntryPoint","urlTemplate":"https:\/\/richardsmotelfamilyoflodgings.com\/mainlocation\/en\/?s={search_term_string}"},"query-input":{"@type":"PropertyValueSpecification","valueRequired":true,"valueName":"search_term_string"}}],"inLanguage":"fr-FR"},{"@type":"Organization","@id":"https:\/\/richardsmotelfamilyoflodgings.com\/mainlocation\/en\/#organization","name":"Richard's Motel","url":"https:\/\/richardsmotelfamilyoflodgings.com\/mainlocation\/en\/","logo":{"@type":"ImageObject","inLanguage":"fr-FR","@id":"https:\/\/richardsmotelfamilyoflodgings.com\/mainlocation\/en\/#\/schema\/logo\/image\/","url":"https:\/\/richardsmotelfamilyoflodgings.com\/mainlocation\/wp-content\/uploads\/revslider\/slider-1\/Motel-slider.png","contentUrl":"https:\/\/richardsmotelfamilyoflodgings.com\/mainlocation\/wp-content\/uploads\/revslider\/slider-1\/Motel-slider.png","width":300,"height":238,"caption":"Richard's Motel"},"image":{"@id":"https:\/\/richardsmotelfamilyoflodgings.com\/mainlocation\/en\/#\/schema\/logo\/image\/"},"sameAs":["https:\/\/www.facebook.com\/FamilyofLodgingsHollywoodFlorida\/"]}]}},"_links":{"self":[{"href":"https:\/\/richardsmotelfamilyoflodgings.com\/mainlocation\/fr\/wp-json\/wp\/v2\/pages\/1518","targetHints":{"allow":["GET"]}}],"collection":[{"href":"https:\/\/richardsmotelfamilyoflodgings.com\/mainlocation\/fr\/wp-json\/wp\/v2\/pages"}],"about":[{"href":"https:\/\/richardsmotelfamilyoflodgings.com\/mainlocation\/fr\/wp-json\/wp\/v2\/types\/page"}],"author":[{"embeddable":true,"href":"https:\/\/richardsmotelfamilyoflodgings.com\/mainlocation\/fr\/wp-json\/wp\/v2\/users\/1"}],"replies":[{"embeddable":true,"href":"https:\/\/richardsmotelfamilyoflodgings.com\/mainlocation\/fr\/wp-json\/wp\/v2\/comments?post=1518"}],"version-history":[{"count":53,"href":"https:\/\/richardsmotelfamilyoflodgings.com\/mainlocation\/fr\/wp-json\/wp\/v2\/pages\/1518\/revisions"}],"predecessor-version":[{"id":2322,"href":"https:\/\/richardsmotelfamilyoflodgings.com\/mainlocation\/fr\/wp-json\/wp\/v2\/pages\/1518\/revisions\/2322"}],"wp:attachment":[{"href":"https:\/\/richardsmotelfamilyoflodgings.com\/mainlocation\/fr\/wp-json\/wp\/v2\/media?parent=1518"}],"curies":[{"name":"wp","href":"https:\/\/api.w.org\/{rel}","templated":true}]}}